{"id":9560,"date":"2023-01-20T17:39:29","date_gmt":"2023-01-20T22:39:29","guid":{"rendered":"https:\/\/omegadrivingschool.com\/?page_id=9560"},"modified":"2025-11-19T20:15:54","modified_gmt":"2025-11-20T01:15:54","slug":"schedule-now","status":"publish","type":"page","link":"https:\/\/omegadrivingschool.com\/fr\/schedule-now\/","title":{"rendered":"Programmer Maintenant"},"content":{"rendered":"<div data-elementor-type=\"wp-page\" data-elementor-id=\"9560\" class=\"elementor elementor-9560\" data-elementor-post-type=\"page\">\n\t\t\t\t<div class=\"elementor-element elementor-element-e296a1d regularpad e-flex e-con-boxed e-con e-parent\" data-id=\"e296a1d\" data-element_type=\"container\" data-e-type=\"container\">\n\t\t\t\t\t<div class=\"e-con-inner\">\n\t\t<div class=\"elementor-element elementor-element-1957863 e-con-full regcol e-flex e-con e-child\" data-id=\"1957863\" data-element_type=\"container\" data-e-type=\"container\">\n\t\t<div class=\"elementor-element elementor-element-66f1829 e-con-full e-flex e-con e-child\" data-id=\"66f1829\" data-element_type=\"container\" data-e-type=\"container\">\n\t\t\t\t<div class=\"elementor-element elementor-element-8bffa41 elementor-position-top elementor-widget elementor-widget-image-box\" data-id=\"8bffa41\" data-element_type=\"widget\" data-e-type=\"widget\" data-widget_type=\"image-box.default\">\n\t\t\t\t\t<div class=\"elementor-image-box-wrapper\"><figure class=\"elementor-image-box-img\"><a href=\"https:\/\/omegadrivingschool.com\/fr\/calendrier-theorique\/\" tabindex=\"-1\"><img fetchpriority=\"high\" decoding=\"async\" width=\"940\" height=\"788\" src=\"https:\/\/omegadrivingschool.com\/wp-content\/uploads\/2023\/02\/2.png\" class=\"attachment-full size-full wp-image-9702\" alt=\"\" srcset=\"https:\/\/omegadrivingschool.com\/wp-content\/uploads\/2023\/02\/2.png 940w, https:\/\/omegadrivingschool.com\/wp-content\/uploads\/2023\/02\/2-300x251.png 300w, https:\/\/omegadrivingschool.com\/wp-content\/uploads\/2023\/02\/2-768x644.png 768w, https:\/\/omegadrivingschool.com\/wp-content\/uploads\/2023\/02\/2-350x293.png 350w\" sizes=\"(max-width: 940px) 100vw, 940px\" \/><\/a><\/figure><div class=\"elementor-image-box-content\"><h3 class=\"elementor-image-box-title\"><a href=\"https:\/\/omegadrivingschool.com\/fr\/calendrier-theorique\/\">Calendrier th\u00e9orique<\/a><\/h3><\/div><\/div>\t\t\t\t<\/div>\n\t\t\t\t<\/div>\n\t\t<div class=\"elementor-element elementor-element-1738f3f e-con-full e-flex e-con e-child\" data-id=\"1738f3f\" data-element_type=\"container\" data-e-type=\"container\">\n\t\t\t\t<div class=\"elementor-element elementor-element-91ae421 elementor-position-top elementor-widget elementor-widget-image-box\" data-id=\"91ae421\" data-element_type=\"widget\" data-e-type=\"widget\" data-widget_type=\"image-box.default\">\n\t\t\t\t\t<div class=\"elementor-image-box-wrapper\"><figure class=\"elementor-image-box-img\"><a href=\"https:\/\/omegadrivingschool.com\/fr\/programme\/\" tabindex=\"-1\"><img decoding=\"async\" width=\"940\" height=\"788\" src=\"https:\/\/omegadrivingschool.com\/wp-content\/uploads\/2023\/02\/4.png\" class=\"attachment-full size-full wp-image-9700\" alt=\"\" srcset=\"https:\/\/omegadrivingschool.com\/wp-content\/uploads\/2023\/02\/4.png 940w, https:\/\/omegadrivingschool.com\/wp-content\/uploads\/2023\/02\/4-300x251.png 300w, https:\/\/omegadrivingschool.com\/wp-content\/uploads\/2023\/02\/4-768x644.png 768w, https:\/\/omegadrivingschool.com\/wp-content\/uploads\/2023\/02\/4-350x293.png 350w\" sizes=\"(max-width: 940px) 100vw, 940px\" \/><\/a><\/figure><div class=\"elementor-image-box-content\"><h3 class=\"elementor-image-box-title\"><a href=\"https:\/\/omegadrivingschool.com\/fr\/programme\/\">Calendrier Conduite<\/a><\/h3><\/div><\/div>\t\t\t\t<\/div>\n\t\t\t\t<\/div>\n\t\t\t\t<\/div>\n\t\t\t\t\t<\/div>\n\t\t\t\t<\/div>\n\t\t\t\t<\/div>","protected":false},"excerpt":{"rendered":"<p>Theoretical Calendar Driving Schedule<\/p>","protected":false},"author":2,"featured_media":0,"parent":0,"menu_order":0,"comment_status":"closed","ping_status":"closed","template":"elementor_header_footer","meta":{"_acf_changed":false,"footnotes":""},"class_list":["post-9560","page","type-page","status-publish","hentry"],"acf":[],"yoast_head":"<!-- This site is optimized with the Yoast SEO plugin v27.5 - https:\/\/yoast.com\/product\/yoast-seo-wordpress\/ -->\n<title>Schedule now - Omega Driving School Montreal<\/title>\n<meta name=\"robots\" content=\"index, follow, max-snippet:-1, max-image-preview:large, max-video-preview:-1\" \/>\n<link rel=\"canonical\" href=\"https:\/\/omegadrivingschool.com\/fr\/schedule-now\/\" \/>\n<meta property=\"og:locale\" content=\"fr_CA\" \/>\n<meta property=\"og:type\" content=\"article\" \/>\n<meta property=\"og:title\" content=\"Schedule now - Omega Driving School Montreal\" \/>\n<meta property=\"og:description\" content=\"Theoretical Calendar Driving Schedule\" \/>\n<meta property=\"og:url\" content=\"https:\/\/omegadrivingschool.com\/fr\/schedule-now\/\" \/>\n<meta property=\"og:site_name\" content=\"Omega Driving School Montreal\" \/>\n<meta property=\"article:modified_time\" content=\"2025-11-20T01:15:54+00:00\" \/>\n<meta property=\"og:image\" content=\"https:\/\/omegadrivingschool.com\/wp-content\/uploads\/2023\/02\/1.png\" \/>\n\t<meta property=\"og:image:width\" content=\"940\" \/>\n\t<meta property=\"og:image:height\" content=\"788\" \/>\n\t<meta property=\"og:image:type\" content=\"image\/png\" \/>\n<meta name=\"twitter:card\" content=\"summary_large_image\" \/>\n<meta name=\"twitter:label1\" content=\"Estimation du temps de lecture\" \/>\n\t<meta name=\"twitter:data1\" content=\"1 minute\" \/>\n<script type=\"application\/ld+json\" class=\"yoast-schema-graph\">{\"@context\":\"https:\\\/\\\/schema.org\",\"@graph\":[{\"@type\":\"WebPage\",\"@id\":\"https:\\\/\\\/omegadrivingschool.com\\\/schedule-now\\\/\",\"url\":\"https:\\\/\\\/omegadrivingschool.com\\\/schedule-now\\\/\",\"name\":\"Schedule now - Omega Driving School Montreal\",\"isPartOf\":{\"@id\":\"https:\\\/\\\/omegadrivingschool.com\\\/#website\"},\"primaryImageOfPage\":{\"@id\":\"https:\\\/\\\/omegadrivingschool.com\\\/schedule-now\\\/#primaryimage\"},\"image\":{\"@id\":\"https:\\\/\\\/omegadrivingschool.com\\\/schedule-now\\\/#primaryimage\"},\"thumbnailUrl\":\"https:\\\/\\\/omegadrivingschool.com\\\/wp-content\\\/uploads\\\/2023\\\/02\\\/1.png\",\"datePublished\":\"2023-01-20T22:39:29+00:00\",\"dateModified\":\"2025-11-20T01:15:54+00:00\",\"breadcrumb\":{\"@id\":\"https:\\\/\\\/omegadrivingschool.com\\\/schedule-now\\\/#breadcrumb\"},\"inLanguage\":\"fr-CA\",\"potentialAction\":[{\"@type\":\"ReadAction\",\"target\":[\"https:\\\/\\\/omegadrivingschool.com\\\/schedule-now\\\/\"]}]},{\"@type\":\"ImageObject\",\"inLanguage\":\"fr-CA\",\"@id\":\"https:\\\/\\\/omegadrivingschool.com\\\/schedule-now\\\/#primaryimage\",\"url\":\"https:\\\/\\\/omegadrivingschool.com\\\/wp-content\\\/uploads\\\/2023\\\/02\\\/1.png\",\"contentUrl\":\"https:\\\/\\\/omegadrivingschool.com\\\/wp-content\\\/uploads\\\/2023\\\/02\\\/1.png\"},{\"@type\":\"BreadcrumbList\",\"@id\":\"https:\\\/\\\/omegadrivingschool.com\\\/schedule-now\\\/#breadcrumb\",\"itemListElement\":[{\"@type\":\"ListItem\",\"position\":1,\"name\":\"Home\",\"item\":\"https:\\\/\\\/omegadrivingschool.com\\\/\"},{\"@type\":\"ListItem\",\"position\":2,\"name\":\"Schedule now\"}]},{\"@type\":\"WebSite\",\"@id\":\"https:\\\/\\\/omegadrivingschool.com\\\/#website\",\"url\":\"https:\\\/\\\/omegadrivingschool.com\\\/\",\"name\":\"Omega Driving School Montreal\",\"description\":\":earn How To Drive Driving School Montreal\",\"publisher\":{\"@id\":\"https:\\\/\\\/omegadrivingschool.com\\\/#organization\"},\"potentialAction\":[{\"@type\":\"SearchAction\",\"target\":{\"@type\":\"EntryPoint\",\"urlTemplate\":\"https:\\\/\\\/omegadrivingschool.com\\\/?s={search_term_string}\"},\"query-input\":{\"@type\":\"PropertyValueSpecification\",\"valueRequired\":true,\"valueName\":\"search_term_string\"}}],\"inLanguage\":\"fr-CA\"},{\"@type\":\"Organization\",\"@id\":\"https:\\\/\\\/omegadrivingschool.com\\\/#organization\",\"name\":\"Omega Driving School Montreal\",\"url\":\"https:\\\/\\\/omegadrivingschool.com\\\/\",\"logo\":{\"@type\":\"ImageObject\",\"inLanguage\":\"fr-CA\",\"@id\":\"https:\\\/\\\/omegadrivingschool.com\\\/#\\\/schema\\\/logo\\\/image\\\/\",\"url\":\"https:\\\/\\\/omegadrivingschool.com\\\/wp-content\\\/uploads\\\/2015\\\/07\\\/Omega-Logo-6.png\",\"contentUrl\":\"https:\\\/\\\/omegadrivingschool.com\\\/wp-content\\\/uploads\\\/2015\\\/07\\\/Omega-Logo-6.png\",\"width\":1400,\"height\":354,\"caption\":\"Omega Driving School Montreal\"},\"image\":{\"@id\":\"https:\\\/\\\/omegadrivingschool.com\\\/#\\\/schema\\\/logo\\\/image\\\/\"}}]}<\/script>\n<!-- \/ Yoast SEO plugin. -->","yoast_head_json":{"title":"Schedule now - Omega Driving School Montreal","robots":{"index":"index","follow":"follow","max-snippet":"max-snippet:-1","max-image-preview":"max-image-preview:large","max-video-preview":"max-video-preview:-1"},"canonical":"https:\/\/omegadrivingschool.com\/fr\/schedule-now\/","og_locale":"fr_CA","og_type":"article","og_title":"Schedule now - Omega Driving School Montreal","og_description":"Theoretical Calendar Driving Schedule","og_url":"https:\/\/omegadrivingschool.com\/fr\/schedule-now\/","og_site_name":"Omega Driving School Montreal","article_modified_time":"2025-11-20T01:15:54+00:00","og_image":[{"width":940,"height":788,"url":"https:\/\/omegadrivingschool.com\/wp-content\/uploads\/2023\/02\/1.png","type":"image\/png"}],"twitter_card":"summary_large_image","twitter_misc":{"Estimation du temps de lecture":"1 minute"},"schema":{"@context":"https:\/\/schema.org","@graph":[{"@type":"WebPage","@id":"https:\/\/omegadrivingschool.com\/schedule-now\/","url":"https:\/\/omegadrivingschool.com\/schedule-now\/","name":"Schedule now - Omega Driving School Montreal","isPartOf":{"@id":"https:\/\/omegadrivingschool.com\/#website"},"primaryImageOfPage":{"@id":"https:\/\/omegadrivingschool.com\/schedule-now\/#primaryimage"},"image":{"@id":"https:\/\/omegadrivingschool.com\/schedule-now\/#primaryimage"},"thumbnailUrl":"https:\/\/omegadrivingschool.com\/wp-content\/uploads\/2023\/02\/1.png","datePublished":"2023-01-20T22:39:29+00:00","dateModified":"2025-11-20T01:15:54+00:00","breadcrumb":{"@id":"https:\/\/omegadrivingschool.com\/schedule-now\/#breadcrumb"},"inLanguage":"fr-CA","potentialAction":[{"@type":"ReadAction","target":["https:\/\/omegadrivingschool.com\/schedule-now\/"]}]},{"@type":"ImageObject","inLanguage":"fr-CA","@id":"https:\/\/omegadrivingschool.com\/schedule-now\/#primaryimage","url":"https:\/\/omegadrivingschool.com\/wp-content\/uploads\/2023\/02\/1.png","contentUrl":"https:\/\/omegadrivingschool.com\/wp-content\/uploads\/2023\/02\/1.png"},{"@type":"BreadcrumbList","@id":"https:\/\/omegadrivingschool.com\/schedule-now\/#breadcrumb","itemListElement":[{"@type":"ListItem","position":1,"name":"Home","item":"https:\/\/omegadrivingschool.com\/"},{"@type":"ListItem","position":2,"name":"Schedule now"}]},{"@type":"WebSite","@id":"https:\/\/omegadrivingschool.com\/#website","url":"https:\/\/omegadrivingschool.com\/","name":"\u00c9cole Conduite Omega Montreal","description":"Apprendre \u00e0 conduire \u00c9cole de conduite Montr\u00e9al","publisher":{"@id":"https:\/\/omegadrivingschool.com\/#organization"},"potentialAction":[{"@type":"SearchAction","target":{"@type":"EntryPoint","urlTemplate":"https:\/\/omegadrivingschool.com\/?s={search_term_string}"},"query-input":{"@type":"PropertyValueSpecification","valueRequired":true,"valueName":"search_term_string"}}],"inLanguage":"fr-CA"},{"@type":"Organization","@id":"https:\/\/omegadrivingschool.com\/#organization","name":"\u00c9cole Conduite Omega Montreal","url":"https:\/\/omegadrivingschool.com\/","logo":{"@type":"ImageObject","inLanguage":"fr-CA","@id":"https:\/\/omegadrivingschool.com\/#\/schema\/logo\/image\/","url":"https:\/\/omegadrivingschool.com\/wp-content\/uploads\/2015\/07\/Omega-Logo-6.png","contentUrl":"https:\/\/omegadrivingschool.com\/wp-content\/uploads\/2015\/07\/Omega-Logo-6.png","width":1400,"height":354,"caption":"Omega Driving School Montreal"},"image":{"@id":"https:\/\/omegadrivingschool.com\/#\/schema\/logo\/image\/"}}]}},"_links":{"self":[{"href":"https:\/\/omegadrivingschool.com\/fr\/wp-json\/wp\/v2\/pages\/9560","targetHints":{"allow":["GET"]}}],"collection":[{"href":"https:\/\/omegadrivingschool.com\/fr\/wp-json\/wp\/v2\/pages"}],"about":[{"href":"https:\/\/omegadrivingschool.com\/fr\/wp-json\/wp\/v2\/types\/page"}],"author":[{"embeddable":true,"href":"https:\/\/omegadrivingschool.com\/fr\/wp-json\/wp\/v2\/users\/2"}],"replies":[{"embeddable":true,"href":"https:\/\/omegadrivingschool.com\/fr\/wp-json\/wp\/v2\/comments?post=9560"}],"version-history":[{"count":6,"href":"https:\/\/omegadrivingschool.com\/fr\/wp-json\/wp\/v2\/pages\/9560\/revisions"}],"predecessor-version":[{"id":11666,"href":"https:\/\/omegadrivingschool.com\/fr\/wp-json\/wp\/v2\/pages\/9560\/revisions\/11666"}],"wp:attachment":[{"href":"https:\/\/omegadrivingschool.com\/fr\/wp-json\/wp\/v2\/media?parent=9560"}],"curies":[{"name":"wp","href":"https:\/\/api.w.org\/{rel}","templated":true}]}}