{"id":8989,"date":"2022-12-24T13:21:47","date_gmt":"2022-12-24T18:21:47","guid":{"rendered":"https:\/\/omegadrivingschool.com\/?page_id=8989"},"modified":"2025-11-19T20:02:01","modified_gmt":"2025-11-20T01:02:01","slug":"saaq-questions","status":"publish","type":"page","link":"https:\/\/omegadrivingschool.com\/fr\/reserve-maintenant\/saaq-questions\/","title":{"rendered":"SAAQ Questions"},"content":{"rendered":"\t\t<div data-elementor-type=\"wp-page\" data-elementor-id=\"8989\" class=\"elementor elementor-8989\" data-elementor-post-type=\"page\">\n\t\t\t\t<div class=\"elementor-element elementor-element-bcd159b e-con-full e-flex e-con e-parent\" data-id=\"bcd159b\" data-element_type=\"container\" data-e-type=\"container\">\n\t\t\t\t<div class=\"elementor-element elementor-element-cd83a58 elementor-widget elementor-widget-template\" data-id=\"cd83a58\" data-element_type=\"widget\" data-e-type=\"widget\" data-widget_type=\"template.default\">\n\t\t\t\t<div class=\"elementor-widget-container\">\n\t\t\t\t\t\t\t<div class=\"elementor-template\">\n\t\t\t\t\t<div data-elementor-type=\"container\" data-elementor-id=\"11526\" class=\"elementor elementor-11526\" data-elementor-post-type=\"elementor_library\">\n\t\t\t\t<div class=\"elementor-element elementor-element-6de09c49 regularpad e-flex e-con-boxed e-con e-parent\" data-id=\"6de09c49\" data-element_type=\"container\" data-e-type=\"container\" data-settings=\"{&quot;background_background&quot;:&quot;classic&quot;}\">\n\t\t\t\t\t<div class=\"e-con-inner\">\n\t\t<div class=\"elementor-element elementor-element-2dea17e3 e-con-full regcol e-flex e-con e-child\" data-id=\"2dea17e3\" data-element_type=\"container\" data-e-type=\"container\">\n\t\t\t\t<div class=\"elementor-element elementor-element-515b12c elementor-widget elementor-widget-heading\" data-id=\"515b12c\" data-element_type=\"widget\" data-e-type=\"widget\" data-widget_type=\"heading.default\">\n\t\t\t\t\t<h1 class=\"elementor-heading-title elementor-size-default\">SAAQ Questions<\/h1>\t\t\t\t<\/div>\n\t\t\t\t<\/div>\n\t\t\t\t\t<\/div>\n\t\t\t\t<\/div>\n\t\t\t\t<\/div>\n\t\t\t\t<\/div>\n\t\t\t\t\t\t<\/div>\n\t\t\t\t<\/div>\n\t\t\t\t<\/div>\n\t\t<div class=\"elementor-element elementor-element-82191ce regularpad e-flex e-con-boxed e-con e-parent\" data-id=\"82191ce\" data-element_type=\"container\" data-e-type=\"container\">\n\t\t\t\t\t<div class=\"e-con-inner\">\n\t\t<div class=\"elementor-element elementor-element-a8dae3a e-con-full regcol e-flex e-con e-child\" data-id=\"a8dae3a\" data-element_type=\"container\" data-e-type=\"container\">\n\t\t\t\t<div class=\"elementor-element elementor-element-1c05806 elementor-widget elementor-widget-wpforms\" data-id=\"1c05806\" data-element_type=\"widget\" data-e-type=\"widget\" data-widget_type=\"wpforms.default\">\n\t\t\t\t<div class=\"elementor-widget-container\">\n\t\t\t\t\t<div class=\"wpforms-container wpforms-container-full wpforms-stripe\" id=\"wpforms-9114\"><form id=\"wpforms-form-9114\" class=\"wpforms-validate wpforms-form wpforms-ajax-form\" data-formid=\"9114\" method=\"post\" enctype=\"multipart\/form-data\" action=\"\/fr\/wp-json\/wp\/v2\/pages\/8989\" data-token=\"5ed444e8659354cea207dfccbfa1d81e\" data-token-time=\"1777498725\"><noscript class=\"wpforms-error-noscript\">Please enable JavaScript in your browser to complete this form.<\/noscript><div class=\"wpforms-field-container\"><div id=\"wpforms-9114-field_1-container\" class=\"wpforms-field wpforms-field-name namefield\" data-field-id=\"1\"><label class=\"wpforms-field-label\">Name <span class=\"wpforms-required-label\">*<\/span><\/label><div class=\"wpforms-field-row wpforms-field-large\"><div class=\"wpforms-field-row-block wpforms-first wpforms-one-half\"><input type=\"text\" id=\"wpforms-9114-field_1\" class=\"wpforms-field-name-first wpforms-field-required\" name=\"wpforms[fields][1][first]\" required><label for=\"wpforms-9114-field_1\" class=\"wpforms-field-sublabel after\">First<\/label><\/div><div class=\"wpforms-field-row-block wpforms-one-half\"><input type=\"text\" id=\"wpforms-9114-field_1-last\" class=\"wpforms-field-name-last wpforms-field-required\" name=\"wpforms[fields][1][last]\" required><label for=\"wpforms-9114-field_1-last\" class=\"wpforms-field-sublabel after\">Last<\/label><\/div><\/div><\/div><div id=\"wpforms-9114-field_9-container\" class=\"wpforms-field wpforms-field-hidden new_fname\" data-field-id=\"9\"><input type=\"hidden\" id=\"wpforms-9114-field_9\" name=\"wpforms[fields][9]\"><\/div><div id=\"wpforms-9114-field_10-container\" class=\"wpforms-field wpforms-field-hidden new_lname\" data-field-id=\"10\"><input type=\"hidden\" id=\"wpforms-9114-field_10\" name=\"wpforms[fields][10]\"><\/div><div id=\"wpforms-9114-field_3-container\" class=\"wpforms-field wpforms-field-email\" data-field-id=\"3\"><label class=\"wpforms-field-label\" for=\"wpforms-9114-field_3\">Email <span class=\"wpforms-required-label\">*<\/span><\/label><input type=\"email\" id=\"wpforms-9114-field_3\" class=\"wpforms-field-large wpforms-field-required\" name=\"wpforms[fields][3]\" spellcheck=\"false\" required><\/div><div id=\"wpforms-9114-field_2-container\" class=\"wpforms-field wpforms-field-radio\" data-field-id=\"2\"><label class=\"wpforms-field-label\">Select Language <span class=\"wpforms-required-label\">*<\/span><\/label><ul id=\"wpforms-9114-field_2\" class=\"wpforms-field-required\"><li class=\"choice-1 depth-1\"><input type=\"radio\" id=\"wpforms-9114-field_2_1\" name=\"wpforms[fields][2]\" value=\"English\" required ><label class=\"wpforms-field-label-inline\" for=\"wpforms-9114-field_2_1\">English<\/label><\/li><li class=\"choice-2 depth-1\"><input type=\"radio\" id=\"wpforms-9114-field_2_2\" name=\"wpforms[fields][2]\" value=\"French\" required ><label class=\"wpforms-field-label-inline\" for=\"wpforms-9114-field_2_2\">French<\/label><\/li><\/ul><\/div><div id=\"wpforms-9114-field_4-container\" class=\"wpforms-field wpforms-field-text wpforms-conditional-trigger\" data-field-id=\"4\"><label class=\"wpforms-field-label\" for=\"wpforms-9114-field_4\">Coupon Code<\/label><input type=\"text\" id=\"wpforms-9114-field_4\" class=\"wpforms-field-large\" name=\"wpforms[fields][4]\" ><div class=\"wpforms-field-description\">If you have a coupon code, you can enter here.<\/div><\/div><div id=\"wpforms-9114-field_5-container\" class=\"wpforms-field wpforms-field-payment-single wpforms-conditional-field wpforms-conditional-show\" data-field-id=\"5\" style=\"display:none;\"><label class=\"wpforms-field-label\">Price<\/label><div class=\"wpforms-single-item-price-content\"><div class=\"wpforms-single-item-price wpforms-field-large wpforms-payment-price\">Price: <span class=\"wpforms-price\">&#036;57.50<\/span><\/div><\/div><input type=\"hidden\" id=\"wpforms-9114-field_5\" class=\"wpforms-field-large wpforms-payment-price\" name=\"wpforms[fields][5]\" value=\"&#036;57.50\"><div class=\"wpforms-field-description\">50 + 14.975% Tax<\/div><\/div><div id=\"wpforms-9114-field_6-container\" class=\"wpforms-field wpforms-field-payment-single wpforms-conditional-field wpforms-conditional-show\" data-field-id=\"6\" style=\"display:none;\"><label class=\"wpforms-field-label\">Price<\/label><div class=\"wpforms-single-item-price-content\"><div class=\"wpforms-single-item-price wpforms-field-large wpforms-payment-price\">Price: <span class=\"wpforms-price\">&#036;28.75<\/span><\/div><\/div><input type=\"hidden\" id=\"wpforms-9114-field_6\" class=\"wpforms-field-large wpforms-payment-price\" name=\"wpforms[fields][6]\" value=\"&#036;28.75\"><div class=\"wpforms-field-description\">25 + 14.975% Tax<\/div><\/div><div id=\"wpforms-9114-field_7-container\" class=\"wpforms-field wpforms-field-stripe-credit-card\" data-field-id=\"7\"><label class=\"wpforms-field-label\">Credit Card Details <span class=\"wpforms-required-label\">*<\/span><\/label><div class=\"wpforms-field-row wpforms-field-large\"><div class=\"wpforms-field-stripe-credit-card-number\"><div id=\"wpforms-9114-field_7\" class=\"wpforms-field-stripe-credit-card-cardnumber wpforms-field-required\" data-required=\"required\"><!-- a Stripe Element will be inserted here. --><\/div><input type=\"text\" class=\"wpforms-stripe-credit-card-hidden-input\" name=\"wpforms[stripe-credit-card-hidden-input-9114]\" disabled style=\"display: none;\"><label  class=\"wpforms-field-sublabel after\">Card<\/label><\/div><\/div><div class=\"wpforms-field-row wpforms-field-large\"><div class=\"wpforms-field-stripe-credit-card-name\"><input type=\"text\" id=\"wpforms-9114-field_7-cardname\" class=\"wpforms-field-stripe-credit-card-cardname wpforms-field-required\" name=\"wpforms[stripe-credit-card-cardname]\" required><label for=\"wpforms-9114-field_7-cardname\" class=\"wpforms-field-sublabel after\">Name on Card<\/label><\/div><\/div><\/div><div id=\"wpforms-9114-field_11-container\" class=\"wpforms-field wpforms-field-html\" data-field-id=\"11\"><div id=\"wpforms-9114-field_11\"><img decoding=\"async\" src=\"https:\/\/omegadrivingschool.com\/wp-content\/uploads\/2026\/03\/payment-cards.png\" class=\"cardimage\"\/><\/div><\/div><\/div><!-- .wpforms-field-container --><div class=\"wpforms-submit-container\" ><input type=\"hidden\" name=\"wpforms[id]\" value=\"9114\"><input type=\"hidden\" name=\"page_title\" value=\"\"><input type=\"hidden\" name=\"page_url\" value=\"https:\/\/omegadrivingschool.com\/fr\/wp-json\/wp\/v2\/pages\/8989\"><input type=\"hidden\" name=\"url_referer\" value=\"\"><button type=\"submit\" name=\"wpforms[submit]\" id=\"wpforms-submit-9114\" class=\"wpforms-submit\" data-alt-text=\"Sending...\" data-submit-text=\"Submit\" aria-live=\"assertive\" value=\"wpforms-submit\">Submit<\/button><img decoding=\"async\" src=\"https:\/\/omegadrivingschool.com\/wp-content\/plugins\/wpforms\/assets\/images\/submit-spin.svg\" class=\"wpforms-submit-spinner\" style=\"display: none;\" width=\"26\" height=\"26\" alt=\"Loading\"><\/div><\/form><\/div>  <!-- .wpforms-container -->\t\t\t\t<\/div>\n\t\t\t\t<\/div>\n\t\t\t\t<\/div>\n\t\t\t\t\t<\/div>\n\t\t\t\t<\/div>\n\t\t\t\t<\/div>\n\t\t","protected":false},"excerpt":{"rendered":"<p>Please enable JavaScript in your browser to complete this form.Name *FirstLastEmail *Select Language * English French Coupon CodeIf you have a coupon code, you can enter here.PricePrice: &#036;57.5050 + 14.975% TaxPricePrice: &#036;28.7525 + 14.975% TaxCredit Card Details * Card number MM \/ YY &nbsp; CVC Card Name on Card Submit<\/p>","protected":false},"author":2,"featured_media":0,"parent":8409,"menu_order":0,"comment_status":"closed","ping_status":"closed","template":"elementor_header_footer","meta":{"_acf_changed":false,"footnotes":""},"class_list":["post-8989","page","type-page","status-publish","hentry"],"acf":[],"yoast_head":"<!-- This site is optimized with the Yoast SEO plugin v27.5 - https:\/\/yoast.com\/product\/yoast-seo-wordpress\/ -->\n<title>SAAQ Questions - Omega Driving School Montreal<\/title>\n<meta name=\"robots\" content=\"index, follow, max-snippet:-1, max-image-preview:large, max-video-preview:-1\" \/>\n<link rel=\"canonical\" href=\"https:\/\/omegadrivingschool.com\/fr\/reserve-maintenant\/saaq-questions\/\" \/>\n<meta property=\"og:locale\" content=\"fr_CA\" \/>\n<meta property=\"og:type\" content=\"article\" \/>\n<meta property=\"og:title\" content=\"SAAQ Questions - Omega Driving School Montreal\" \/>\n<meta property=\"og:description\" content=\"Please enable JavaScript in your browser to complete this form.Name *FirstLastEmail *Select Language * English French Coupon CodeIf you have a coupon code, you can enter here.PricePrice: &#036;57.5050 + 14.975% TaxPricePrice: &#036;28.7525 + 14.975% TaxCredit Card Details * Card number MM \/ YY &nbsp; CVC Card Name on Card Submit\" \/>\n<meta property=\"og:url\" content=\"https:\/\/omegadrivingschool.com\/fr\/reserve-maintenant\/saaq-questions\/\" \/>\n<meta property=\"og:site_name\" content=\"Omega Driving School Montreal\" \/>\n<meta property=\"article:modified_time\" content=\"2025-11-20T01:02:01+00:00\" \/>\n<meta property=\"og:image\" content=\"https:\/\/omegadrivingschool.com\/wp-content\/plugins\/wpforms\/assets\/images\/submit-spin.svg\" \/>\n<meta name=\"twitter:card\" content=\"summary_large_image\" \/>\n<script type=\"application\/ld+json\" class=\"yoast-schema-graph\">{\"@context\":\"https:\\\/\\\/schema.org\",\"@graph\":[{\"@type\":\"WebPage\",\"@id\":\"https:\\\/\\\/omegadrivingschool.com\\\/book-now\\\/saaq-questions\\\/\",\"url\":\"https:\\\/\\\/omegadrivingschool.com\\\/book-now\\\/saaq-questions\\\/\",\"name\":\"SAAQ Questions - Omega Driving School Montreal\",\"isPartOf\":{\"@id\":\"https:\\\/\\\/omegadrivingschool.com\\\/#website\"},\"primaryImageOfPage\":{\"@id\":\"https:\\\/\\\/omegadrivingschool.com\\\/book-now\\\/saaq-questions\\\/#primaryimage\"},\"image\":{\"@id\":\"https:\\\/\\\/omegadrivingschool.com\\\/book-now\\\/saaq-questions\\\/#primaryimage\"},\"thumbnailUrl\":\"https:\\\/\\\/omegadrivingschool.com\\\/wp-content\\\/plugins\\\/wpforms\\\/assets\\\/images\\\/submit-spin.svg\",\"datePublished\":\"2022-12-24T18:21:47+00:00\",\"dateModified\":\"2025-11-20T01:02:01+00:00\",\"breadcrumb\":{\"@id\":\"https:\\\/\\\/omegadrivingschool.com\\\/book-now\\\/saaq-questions\\\/#breadcrumb\"},\"inLanguage\":\"fr-CA\",\"potentialAction\":[{\"@type\":\"ReadAction\",\"target\":[\"https:\\\/\\\/omegadrivingschool.com\\\/book-now\\\/saaq-questions\\\/\"]}]},{\"@type\":\"ImageObject\",\"inLanguage\":\"fr-CA\",\"@id\":\"https:\\\/\\\/omegadrivingschool.com\\\/book-now\\\/saaq-questions\\\/#primaryimage\",\"url\":\"https:\\\/\\\/omegadrivingschool.com\\\/wp-content\\\/plugins\\\/wpforms\\\/assets\\\/images\\\/submit-spin.svg\",\"contentUrl\":\"https:\\\/\\\/omegadrivingschool.com\\\/wp-content\\\/plugins\\\/wpforms\\\/assets\\\/images\\\/submit-spin.svg\"},{\"@type\":\"BreadcrumbList\",\"@id\":\"https:\\\/\\\/omegadrivingschool.com\\\/book-now\\\/saaq-questions\\\/#breadcrumb\",\"itemListElement\":[{\"@type\":\"ListItem\",\"position\":1,\"name\":\"Home\",\"item\":\"https:\\\/\\\/omegadrivingschool.com\\\/\"},{\"@type\":\"ListItem\",\"position\":2,\"name\":\"Book now\",\"item\":\"https:\\\/\\\/omegadrivingschool.com\\\/book-now\\\/\"},{\"@type\":\"ListItem\",\"position\":3,\"name\":\"SAAQ Questions\"}]},{\"@type\":\"WebSite\",\"@id\":\"https:\\\/\\\/omegadrivingschool.com\\\/#website\",\"url\":\"https:\\\/\\\/omegadrivingschool.com\\\/\",\"name\":\"Omega Driving School Montreal\",\"description\":\":earn How To Drive Driving School Montreal\",\"publisher\":{\"@id\":\"https:\\\/\\\/omegadrivingschool.com\\\/#organization\"},\"potentialAction\":[{\"@type\":\"SearchAction\",\"target\":{\"@type\":\"EntryPoint\",\"urlTemplate\":\"https:\\\/\\\/omegadrivingschool.com\\\/?s={search_term_string}\"},\"query-input\":{\"@type\":\"PropertyValueSpecification\",\"valueRequired\":true,\"valueName\":\"search_term_string\"}}],\"inLanguage\":\"fr-CA\"},{\"@type\":\"Organization\",\"@id\":\"https:\\\/\\\/omegadrivingschool.com\\\/#organization\",\"name\":\"Omega Driving School Montreal\",\"url\":\"https:\\\/\\\/omegadrivingschool.com\\\/\",\"logo\":{\"@type\":\"ImageObject\",\"inLanguage\":\"fr-CA\",\"@id\":\"https:\\\/\\\/omegadrivingschool.com\\\/#\\\/schema\\\/logo\\\/image\\\/\",\"url\":\"https:\\\/\\\/omegadrivingschool.com\\\/wp-content\\\/uploads\\\/2015\\\/07\\\/Omega-Logo-6.png\",\"contentUrl\":\"https:\\\/\\\/omegadrivingschool.com\\\/wp-content\\\/uploads\\\/2015\\\/07\\\/Omega-Logo-6.png\",\"width\":1400,\"height\":354,\"caption\":\"Omega Driving School Montreal\"},\"image\":{\"@id\":\"https:\\\/\\\/omegadrivingschool.com\\\/#\\\/schema\\\/logo\\\/image\\\/\"}}]}<\/script>\n<!-- \/ Yoast SEO plugin. -->","yoast_head_json":{"title":"SAAQ Questions - Omega Driving School Montreal","robots":{"index":"index","follow":"follow","max-snippet":"max-snippet:-1","max-image-preview":"max-image-preview:large","max-video-preview":"max-video-preview:-1"},"canonical":"https:\/\/omegadrivingschool.com\/fr\/reserve-maintenant\/saaq-questions\/","og_locale":"fr_CA","og_type":"article","og_title":"SAAQ Questions - Omega Driving School Montreal","og_description":"Please enable JavaScript in your browser to complete this form.Name *FirstLastEmail *Select Language * English French Coupon CodeIf you have a coupon code, you can enter here.PricePrice: &#036;57.5050 + 14.975% TaxPricePrice: &#036;28.7525 + 14.975% TaxCredit Card Details * Card number MM \/ YY &nbsp; CVC Card Name on Card Submit","og_url":"https:\/\/omegadrivingschool.com\/fr\/reserve-maintenant\/saaq-questions\/","og_site_name":"Omega Driving School Montreal","article_modified_time":"2025-11-20T01:02:01+00:00","og_image":[{"url":"https:\/\/omegadrivingschool.com\/wp-content\/plugins\/wpforms\/assets\/images\/submit-spin.svg","type":"","width":"","height":""}],"twitter_card":"summary_large_image","schema":{"@context":"https:\/\/schema.org","@graph":[{"@type":"WebPage","@id":"https:\/\/omegadrivingschool.com\/book-now\/saaq-questions\/","url":"https:\/\/omegadrivingschool.com\/book-now\/saaq-questions\/","name":"SAAQ Questions - Omega Driving School Montreal","isPartOf":{"@id":"https:\/\/omegadrivingschool.com\/#website"},"primaryImageOfPage":{"@id":"https:\/\/omegadrivingschool.com\/book-now\/saaq-questions\/#primaryimage"},"image":{"@id":"https:\/\/omegadrivingschool.com\/book-now\/saaq-questions\/#primaryimage"},"thumbnailUrl":"https:\/\/omegadrivingschool.com\/wp-content\/plugins\/wpforms\/assets\/images\/submit-spin.svg","datePublished":"2022-12-24T18:21:47+00:00","dateModified":"2025-11-20T01:02:01+00:00","breadcrumb":{"@id":"https:\/\/omegadrivingschool.com\/book-now\/saaq-questions\/#breadcrumb"},"inLanguage":"fr-CA","potentialAction":[{"@type":"ReadAction","target":["https:\/\/omegadrivingschool.com\/book-now\/saaq-questions\/"]}]},{"@type":"ImageObject","inLanguage":"fr-CA","@id":"https:\/\/omegadrivingschool.com\/book-now\/saaq-questions\/#primaryimage","url":"https:\/\/omegadrivingschool.com\/wp-content\/plugins\/wpforms\/assets\/images\/submit-spin.svg","contentUrl":"https:\/\/omegadrivingschool.com\/wp-content\/plugins\/wpforms\/assets\/images\/submit-spin.svg"},{"@type":"BreadcrumbList","@id":"https:\/\/omegadrivingschool.com\/book-now\/saaq-questions\/#breadcrumb","itemListElement":[{"@type":"ListItem","position":1,"name":"Home","item":"https:\/\/omegadrivingschool.com\/"},{"@type":"ListItem","position":2,"name":"Book now","item":"https:\/\/omegadrivingschool.com\/book-now\/"},{"@type":"ListItem","position":3,"name":"SAAQ Questions"}]},{"@type":"WebSite","@id":"https:\/\/omegadrivingschool.com\/#website","url":"https:\/\/omegadrivingschool.com\/","name":"\u00c9cole Conduite Omega Montreal","description":"Apprendre \u00e0 conduire \u00c9cole de conduite Montr\u00e9al","publisher":{"@id":"https:\/\/omegadrivingschool.com\/#organization"},"potentialAction":[{"@type":"SearchAction","target":{"@type":"EntryPoint","urlTemplate":"https:\/\/omegadrivingschool.com\/?s={search_term_string}"},"query-input":{"@type":"PropertyValueSpecification","valueRequired":true,"valueName":"search_term_string"}}],"inLanguage":"fr-CA"},{"@type":"Organization","@id":"https:\/\/omegadrivingschool.com\/#organization","name":"\u00c9cole Conduite Omega Montreal","url":"https:\/\/omegadrivingschool.com\/","logo":{"@type":"ImageObject","inLanguage":"fr-CA","@id":"https:\/\/omegadrivingschool.com\/#\/schema\/logo\/image\/","url":"https:\/\/omegadrivingschool.com\/wp-content\/uploads\/2015\/07\/Omega-Logo-6.png","contentUrl":"https:\/\/omegadrivingschool.com\/wp-content\/uploads\/2015\/07\/Omega-Logo-6.png","width":1400,"height":354,"caption":"Omega Driving School Montreal"},"image":{"@id":"https:\/\/omegadrivingschool.com\/#\/schema\/logo\/image\/"}}]}},"_links":{"self":[{"href":"https:\/\/omegadrivingschool.com\/fr\/wp-json\/wp\/v2\/pages\/8989","targetHints":{"allow":["GET"]}}],"collection":[{"href":"https:\/\/omegadrivingschool.com\/fr\/wp-json\/wp\/v2\/pages"}],"about":[{"href":"https:\/\/omegadrivingschool.com\/fr\/wp-json\/wp\/v2\/types\/page"}],"author":[{"embeddable":true,"href":"https:\/\/omegadrivingschool.com\/fr\/wp-json\/wp\/v2\/users\/2"}],"replies":[{"embeddable":true,"href":"https:\/\/omegadrivingschool.com\/fr\/wp-json\/wp\/v2\/comments?post=8989"}],"version-history":[{"count":6,"href":"https:\/\/omegadrivingschool.com\/fr\/wp-json\/wp\/v2\/pages\/8989\/revisions"}],"predecessor-version":[{"id":11627,"href":"https:\/\/omegadrivingschool.com\/fr\/wp-json\/wp\/v2\/pages\/8989\/revisions\/11627"}],"up":[{"embeddable":true,"href":"https:\/\/omegadrivingschool.com\/fr\/wp-json\/wp\/v2\/pages\/8409"}],"wp:attachment":[{"href":"https:\/\/omegadrivingschool.com\/fr\/wp-json\/wp\/v2\/media?parent=8989"}],"curies":[{"name":"wp","href":"https:\/\/api.w.org\/{rel}","templated":true}]}}