{"id":8718,"date":"2022-11-30T10:15:17","date_gmt":"2022-11-30T15:15:17","guid":{"rendered":"https:\/\/omegadrivingschool.com\/?page_id=8718"},"modified":"2025-11-19T19:59:47","modified_gmt":"2025-11-20T00:59:47","slug":"books","status":"publish","type":"page","link":"https:\/\/omegadrivingschool.com\/fr\/reserve-maintenant\/books\/","title":{"rendered":"Livres"},"content":{"rendered":"\t\t<div data-elementor-type=\"wp-page\" data-elementor-id=\"8718\" class=\"elementor elementor-8718\" data-elementor-post-type=\"page\">\n\t\t\t\t\t\t<section class=\"elementor-section elementor-top-section elementor-element elementor-element-ee3801f regularpad elementor-section-boxed elementor-section-height-default elementor-section-height-default\" data-id=\"ee3801f\" data-element_type=\"section\" data-e-type=\"section\" data-settings=\"{&quot;background_background&quot;:&quot;classic&quot;}\">\n\t\t\t\t\t\t<div class=\"elementor-container elementor-column-gap-default\">\n\t\t\t\t\t<div class=\"elementor-column elementor-col-100 elementor-top-column elementor-element elementor-element-78c2874\" data-id=\"78c2874\" data-element_type=\"column\" data-e-type=\"column\">\n\t\t\t<div class=\"elementor-widget-wrap elementor-element-populated\">\n\t\t\t\t\t\t<div class=\"elementor-element elementor-element-c75268a elementor-widget elementor-widget-heading\" data-id=\"c75268a\" data-element_type=\"widget\" data-e-type=\"widget\" data-widget_type=\"heading.default\">\n\t\t\t\t\t<h1 class=\"elementor-heading-title elementor-size-default\">Buy Textbook and Course Material<\/h1>\t\t\t\t<\/div>\n\t\t\t\t\t<\/div>\n\t\t<\/div>\n\t\t\t\t\t<\/div>\n\t\t<\/section>\n\t\t\t\t<section class=\"elementor-section elementor-top-section elementor-element elementor-element-0eb9f22 regularpad elementor-section-boxed elementor-section-height-default elementor-section-height-default\" data-id=\"0eb9f22\" data-element_type=\"section\" data-e-type=\"section\">\n\t\t\t\t\t\t<div class=\"elementor-container elementor-column-gap-default\">\n\t\t\t\t\t<div class=\"elementor-column elementor-col-100 elementor-top-column elementor-element elementor-element-7621d95\" data-id=\"7621d95\" data-element_type=\"column\" data-e-type=\"column\">\n\t\t\t<div class=\"elementor-widget-wrap elementor-element-populated\">\n\t\t\t\t\t\t<div class=\"elementor-element elementor-element-fd72250 elementor-alert-info elementor-widget elementor-widget-alert\" data-id=\"fd72250\" data-element_type=\"widget\" data-e-type=\"widget\" data-widget_type=\"alert.default\">\n\t\t\t\t\t\t\t<div class=\"elementor-alert\" role=\"alert\">\n\n\t\t\t\t\t\t<span class=\"elementor-alert-title\">Books must be picked up at one of our locations.<\/span>\n\t\t\t\n\t\t\t\n\t\t\t\t\t\t<button type=\"button\" class=\"elementor-alert-dismiss\" aria-label=\"Dismiss this alert.\">\n\t\t\t\t\t\t\t\t\t<span aria-hidden=\"true\">&times;<\/span>\n\t\t\t\t\t\t\t<\/button>\n\t\t\t\n\t\t<\/div>\n\t\t\t\t\t\t<\/div>\n\t\t\t\t<div class=\"elementor-element elementor-element-1035893 elementor-widget elementor-widget-wpforms\" data-id=\"1035893\" data-element_type=\"widget\" data-e-type=\"widget\" data-widget_type=\"wpforms.default\">\n\t\t\t\t<div class=\"elementor-widget-container\">\n\t\t\t\t\t<div class=\"wpforms-container wpforms-container-full wpforms-stripe\" id=\"wpforms-8713\"><form id=\"wpforms-form-8713\" class=\"wpforms-validate wpforms-form wpforms-ajax-form\" data-formid=\"8713\" method=\"post\" enctype=\"multipart\/form-data\" action=\"\/fr\/wp-json\/wp\/v2\/pages\/8718\" data-token=\"9a0eae41320762290c3912f88bf6171d\" data-token-time=\"1778341151\"><noscript class=\"wpforms-error-noscript\">Please enable JavaScript in your browser to complete this form.<\/noscript><div class=\"wpforms-field-container\"><div id=\"wpforms-8713-field_1-container\" class=\"wpforms-field wpforms-field-payment-checkbox wpforms-list-inline\" data-field-id=\"1\"><label class=\"wpforms-field-label\">Books <span class=\"wpforms-required-label\">*<\/span><\/label><ul id=\"wpforms-8713-field_1\" class=\"wpforms-field-required wpforms-image-choices wpforms-image-choices-modern\"><li class=\"choice-1 wpforms-image-choices-item\"><label class=\"wpforms-field-label-inline\" for=\"wpforms-8713-field_1_1\"><span class=\"wpforms-image-choices-image\"><img decoding=\"async\" src=\"https:\/\/omegadrivingschool.com\/wp-content\/uploads\/2022\/10\/Picture2-234x300-1.jpg\" alt=\"Road Access Binder\" title=\"Road Access Binder\"><\/span><input type=\"checkbox\" id=\"wpforms-8713-field_1_1\" class=\"wpforms-payment-price wpforms-screen-reader-element\" data-amount=\"51.73\" name=\"wpforms[fields][1][]\" value=\"1\" required ><span class=\"wpforms-image-choices-label\">Road Access Binder<\/span><\/label><\/li><li class=\"choice-2 wpforms-image-choices-item\"><label class=\"wpforms-field-label-inline\" for=\"wpforms-8713-field_1_2\"><span class=\"wpforms-image-choices-image\"><img decoding=\"async\" src=\"https:\/\/omegadrivingschool.com\/wp-content\/uploads\/2022\/10\/Picture1.png\" alt=\"Today\u2019s Driver Manual\" title=\"Today\u2019s Driver Manual\"><\/span><input type=\"checkbox\" id=\"wpforms-8713-field_1_2\" class=\"wpforms-payment-price wpforms-screen-reader-element\" data-amount=\"40.24\" name=\"wpforms[fields][1][]\" value=\"2\" required ><span class=\"wpforms-image-choices-label\">Today\u2019s Driver Manual<\/span><\/label><\/li><\/ul><div class=\"wpforms-field-description\">Includes 14.975% Tax.<\/div><\/div><div id=\"wpforms-8713-field_4-container\" class=\"wpforms-field wpforms-field-name namefield\" data-field-id=\"4\"><label class=\"wpforms-field-label\">Name <span class=\"wpforms-required-label\">*<\/span><\/label><div class=\"wpforms-field-row wpforms-field-large\"><div class=\"wpforms-field-row-block wpforms-first wpforms-one-half\"><input type=\"text\" id=\"wpforms-8713-field_4\" class=\"wpforms-field-name-first wpforms-field-required\" name=\"wpforms[fields][4][first]\" required><label for=\"wpforms-8713-field_4\" class=\"wpforms-field-sublabel after\">First<\/label><\/div><div class=\"wpforms-field-row-block wpforms-one-half\"><input type=\"text\" id=\"wpforms-8713-field_4-last\" class=\"wpforms-field-name-last wpforms-field-required\" name=\"wpforms[fields][4][last]\" required><label for=\"wpforms-8713-field_4-last\" class=\"wpforms-field-sublabel after\">Last<\/label><\/div><\/div><\/div><div id=\"wpforms-8713-field_8-container\" class=\"wpforms-field wpforms-field-hidden new_fname\" data-field-id=\"8\"><input type=\"hidden\" id=\"wpforms-8713-field_8\" name=\"wpforms[fields][8]\"><\/div><div id=\"wpforms-8713-field_9-container\" class=\"wpforms-field wpforms-field-hidden new_lname\" data-field-id=\"9\"><input type=\"hidden\" id=\"wpforms-8713-field_9\" name=\"wpforms[fields][9]\"><\/div><div id=\"wpforms-8713-field_6-container\" class=\"wpforms-field wpforms-field-email\" data-field-id=\"6\"><label class=\"wpforms-field-label\" for=\"wpforms-8713-field_6\">Email <span class=\"wpforms-required-label\">*<\/span><\/label><input type=\"email\" id=\"wpforms-8713-field_6\" class=\"wpforms-field-medium wpforms-field-required\" name=\"wpforms[fields][6]\" spellcheck=\"false\" required><\/div><div id=\"wpforms-8713-field_3-container\" class=\"wpforms-field wpforms-field-phone\" data-field-id=\"3\"><label class=\"wpforms-field-label\" for=\"wpforms-8713-field_3\">Phone<\/label><input type=\"tel\" id=\"wpforms-8713-field_3\" class=\"wpforms-field-large wpforms-smart-phone-field\" data-rule-smart-phone-field=\"true\" name=\"wpforms[fields][3]\" aria-label=\"Phone\" ><\/div><div id=\"wpforms-8713-field_7-container\" class=\"wpforms-field wpforms-field-payment-total wpforms-field-medium\" data-field-id=\"7\"><label class=\"wpforms-field-label\">Total<\/label><div class=\"wpforms-payment-total\" style=\"\">&#036;0.00<\/div><input type=\"hidden\" id=\"wpforms-8713-field_7\" class=\"wpforms-field-medium wpforms-payment-total\" name=\"wpforms[fields][7]\" value=\"0\"><\/div><div id=\"wpforms-8713-field_5-container\" class=\"wpforms-field wpforms-field-stripe-credit-card\" data-field-id=\"5\"><label class=\"wpforms-field-label\">Stripe Credit Card <span class=\"wpforms-required-label\">*<\/span><\/label><div class=\"wpforms-field-row wpforms-field-large\"><div class=\"wpforms-field-stripe-credit-card-number\"><div id=\"wpforms-8713-field_5\" class=\"wpforms-field-stripe-credit-card-cardnumber wpforms-field-required\" data-required=\"required\"><!-- a Stripe Element will be inserted here. --><\/div><input type=\"text\" class=\"wpforms-stripe-credit-card-hidden-input\" name=\"wpforms[stripe-credit-card-hidden-input-8713]\" disabled style=\"display: none;\"><label  class=\"wpforms-field-sublabel after\">Card<\/label><\/div><\/div><div class=\"wpforms-field-row wpforms-field-large\"><div class=\"wpforms-field-stripe-credit-card-name\"><input type=\"text\" id=\"wpforms-8713-field_5-cardname\" class=\"wpforms-field-stripe-credit-card-cardname wpforms-field-required\" name=\"wpforms[stripe-credit-card-cardname]\" required><label for=\"wpforms-8713-field_5-cardname\" class=\"wpforms-field-sublabel after\">Name on Card<\/label><\/div><\/div><\/div><div id=\"wpforms-8713-field_10-container\" class=\"wpforms-field wpforms-field-html\" data-field-id=\"10\"><div id=\"wpforms-8713-field_10\"><img decoding=\"async\" src=\"https:\/\/omegadrivingschool.com\/wp-content\/uploads\/2026\/03\/payment-cards.png\" class=\"cardimage\"\/><\/div><\/div><\/div><!-- .wpforms-field-container --><div class=\"wpforms-submit-container\" ><input type=\"hidden\" name=\"wpforms[id]\" value=\"8713\"><input type=\"hidden\" name=\"page_title\" value=\"\"><input type=\"hidden\" name=\"page_url\" value=\"https:\/\/omegadrivingschool.com\/fr\/wp-json\/wp\/v2\/pages\/8718\"><input type=\"hidden\" name=\"url_referer\" value=\"\"><button type=\"submit\" name=\"wpforms[submit]\" id=\"wpforms-submit-8713\" class=\"wpforms-submit\" data-alt-text=\"Sending...\" data-submit-text=\"Submit\" aria-live=\"assertive\" value=\"wpforms-submit\">Submit<\/button><img decoding=\"async\" src=\"https:\/\/omegadrivingschool.com\/wp-content\/plugins\/wpforms\/assets\/images\/submit-spin.svg\" class=\"wpforms-submit-spinner\" style=\"display: none;\" width=\"26\" height=\"26\" alt=\"Loading\"><\/div><\/form><\/div>  <!-- .wpforms-container -->\t\t\t\t<\/div>\n\t\t\t\t<\/div>\n\t\t\t\t<div class=\"elementor-element elementor-element-bc280c2 elementor-alert-info elementor-widget elementor-widget-alert\" data-id=\"bc280c2\" data-element_type=\"widget\" data-e-type=\"widget\" data-widget_type=\"alert.default\">\n\t\t\t\t\t\t\t<div class=\"elementor-alert\" role=\"alert\">\n\n\t\t\t\t\t\t<span class=\"elementor-alert-title\">Books must be picked up at one of our locations.<\/span>\n\t\t\t\n\t\t\t\n\t\t\t\n\t\t<\/div>\n\t\t\t\t\t\t<\/div>\n\t\t\t\t\t<\/div>\n\t\t<\/div>\n\t\t\t\t\t<\/div>\n\t\t<\/section>\n\t\t\t\t<\/div>\n\t\t","protected":false},"excerpt":{"rendered":"<p>Buy Textbook and Course Material Books must be picked up at one of our locations. &times; Please enable JavaScript in your browser to complete this form.Books * Road Access Binder &#8211; &#036;45.00 Today\u2019s Driver Manual &#8211; &#036;35.00 Includes 14.975% Tax.Name *FirstLastEmail *Phone Total&#036;0.00Stripe Credit Card * Card number MM \/ YY &nbsp; CVC Card Name [&hellip;]<\/p>\n","protected":false},"author":2,"featured_media":0,"parent":8409,"menu_order":0,"comment_status":"closed","ping_status":"closed","template":"elementor_header_footer","meta":{"_acf_changed":false,"footnotes":""},"class_list":["post-8718","page","type-page","status-publish","hentry"],"acf":[],"yoast_head":"<!-- This site is optimized with the Yoast SEO plugin v27.5 - https:\/\/yoast.com\/product\/yoast-seo-wordpress\/ -->\n<title>Books - Omega Driving School Montreal<\/title>\n<meta name=\"robots\" content=\"index, follow, max-snippet:-1, max-image-preview:large, max-video-preview:-1\" \/>\n<link rel=\"canonical\" href=\"https:\/\/omegadrivingschool.com\/fr\/reserve-maintenant\/books\/\" \/>\n<meta property=\"og:locale\" content=\"fr_CA\" \/>\n<meta property=\"og:type\" content=\"article\" \/>\n<meta property=\"og:title\" content=\"Books - Omega Driving School Montreal\" \/>\n<meta property=\"og:description\" content=\"Buy Textbook and Course Material Books must be picked up at one of our locations. &times; Please enable JavaScript in your browser to complete this form.Books * Road Access Binder &#8211; &#036;45.00 Today\u2019s Driver Manual &#8211; &#036;35.00 Includes 14.975% Tax.Name *FirstLastEmail *Phone Total&#036;0.00Stripe Credit Card * Card number MM \/ YY &nbsp; CVC Card Name [&hellip;]\" \/>\n<meta property=\"og:url\" content=\"https:\/\/omegadrivingschool.com\/fr\/reserve-maintenant\/books\/\" \/>\n<meta property=\"og:site_name\" content=\"Omega Driving School Montreal\" \/>\n<meta property=\"article:modified_time\" content=\"2025-11-20T00:59:47+00:00\" \/>\n<meta property=\"og:image\" content=\"https:\/\/omegadrivingschool.com\/wp-content\/uploads\/2022\/10\/Picture2-234x300-1.jpg\" \/>\n<meta name=\"twitter:card\" content=\"summary_large_image\" \/>\n<script type=\"application\/ld+json\" class=\"yoast-schema-graph\">{\"@context\":\"https:\\\/\\\/schema.org\",\"@graph\":[{\"@type\":\"WebPage\",\"@id\":\"https:\\\/\\\/omegadrivingschool.com\\\/book-now\\\/books\\\/\",\"url\":\"https:\\\/\\\/omegadrivingschool.com\\\/book-now\\\/books\\\/\",\"name\":\"Books - Omega Driving School Montreal\",\"isPartOf\":{\"@id\":\"https:\\\/\\\/omegadrivingschool.com\\\/#website\"},\"primaryImageOfPage\":{\"@id\":\"https:\\\/\\\/omegadrivingschool.com\\\/book-now\\\/books\\\/#primaryimage\"},\"image\":{\"@id\":\"https:\\\/\\\/omegadrivingschool.com\\\/book-now\\\/books\\\/#primaryimage\"},\"thumbnailUrl\":\"https:\\\/\\\/omegadrivingschool.com\\\/wp-content\\\/uploads\\\/2022\\\/10\\\/Picture2-234x300-1.jpg\",\"datePublished\":\"2022-11-30T15:15:17+00:00\",\"dateModified\":\"2025-11-20T00:59:47+00:00\",\"breadcrumb\":{\"@id\":\"https:\\\/\\\/omegadrivingschool.com\\\/book-now\\\/books\\\/#breadcrumb\"},\"inLanguage\":\"fr-CA\",\"potentialAction\":[{\"@type\":\"ReadAction\",\"target\":[\"https:\\\/\\\/omegadrivingschool.com\\\/book-now\\\/books\\\/\"]}]},{\"@type\":\"ImageObject\",\"inLanguage\":\"fr-CA\",\"@id\":\"https:\\\/\\\/omegadrivingschool.com\\\/book-now\\\/books\\\/#primaryimage\",\"url\":\"https:\\\/\\\/omegadrivingschool.com\\\/wp-content\\\/uploads\\\/2022\\\/10\\\/Picture2-234x300-1.jpg\",\"contentUrl\":\"https:\\\/\\\/omegadrivingschool.com\\\/wp-content\\\/uploads\\\/2022\\\/10\\\/Picture2-234x300-1.jpg\"},{\"@type\":\"BreadcrumbList\",\"@id\":\"https:\\\/\\\/omegadrivingschool.com\\\/book-now\\\/books\\\/#breadcrumb\",\"itemListElement\":[{\"@type\":\"ListItem\",\"position\":1,\"name\":\"Home\",\"item\":\"https:\\\/\\\/omegadrivingschool.com\\\/\"},{\"@type\":\"ListItem\",\"position\":2,\"name\":\"Book now\",\"item\":\"https:\\\/\\\/omegadrivingschool.com\\\/book-now\\\/\"},{\"@type\":\"ListItem\",\"position\":3,\"name\":\"Books\"}]},{\"@type\":\"WebSite\",\"@id\":\"https:\\\/\\\/omegadrivingschool.com\\\/#website\",\"url\":\"https:\\\/\\\/omegadrivingschool.com\\\/\",\"name\":\"Omega Driving School Montreal\",\"description\":\":earn How To Drive Driving School Montreal\",\"publisher\":{\"@id\":\"https:\\\/\\\/omegadrivingschool.com\\\/#organization\"},\"potentialAction\":[{\"@type\":\"SearchAction\",\"target\":{\"@type\":\"EntryPoint\",\"urlTemplate\":\"https:\\\/\\\/omegadrivingschool.com\\\/?s={search_term_string}\"},\"query-input\":{\"@type\":\"PropertyValueSpecification\",\"valueRequired\":true,\"valueName\":\"search_term_string\"}}],\"inLanguage\":\"fr-CA\"},{\"@type\":\"Organization\",\"@id\":\"https:\\\/\\\/omegadrivingschool.com\\\/#organization\",\"name\":\"Omega Driving School Montreal\",\"url\":\"https:\\\/\\\/omegadrivingschool.com\\\/\",\"logo\":{\"@type\":\"ImageObject\",\"inLanguage\":\"fr-CA\",\"@id\":\"https:\\\/\\\/omegadrivingschool.com\\\/#\\\/schema\\\/logo\\\/image\\\/\",\"url\":\"https:\\\/\\\/omegadrivingschool.com\\\/wp-content\\\/uploads\\\/2015\\\/07\\\/Omega-Logo-6.png\",\"contentUrl\":\"https:\\\/\\\/omegadrivingschool.com\\\/wp-content\\\/uploads\\\/2015\\\/07\\\/Omega-Logo-6.png\",\"width\":1400,\"height\":354,\"caption\":\"Omega Driving School Montreal\"},\"image\":{\"@id\":\"https:\\\/\\\/omegadrivingschool.com\\\/#\\\/schema\\\/logo\\\/image\\\/\"}}]}<\/script>\n<!-- \/ Yoast SEO plugin. -->","yoast_head_json":{"title":"Books - Omega Driving School Montreal","robots":{"index":"index","follow":"follow","max-snippet":"max-snippet:-1","max-image-preview":"max-image-preview:large","max-video-preview":"max-video-preview:-1"},"canonical":"https:\/\/omegadrivingschool.com\/fr\/reserve-maintenant\/books\/","og_locale":"fr_CA","og_type":"article","og_title":"Books - Omega Driving School Montreal","og_description":"Buy Textbook and Course Material Books must be picked up at one of our locations. &times; Please enable JavaScript in your browser to complete this form.Books * Road Access Binder &#8211; &#036;45.00 Today\u2019s Driver Manual &#8211; &#036;35.00 Includes 14.975% Tax.Name *FirstLastEmail *Phone Total&#036;0.00Stripe Credit Card * Card number MM \/ YY &nbsp; CVC Card Name [&hellip;]","og_url":"https:\/\/omegadrivingschool.com\/fr\/reserve-maintenant\/books\/","og_site_name":"Omega Driving School Montreal","article_modified_time":"2025-11-20T00:59:47+00:00","og_image":[{"url":"https:\/\/omegadrivingschool.com\/wp-content\/uploads\/2022\/10\/Picture2-234x300-1.jpg","type":"","width":"","height":""}],"twitter_card":"summary_large_image","schema":{"@context":"https:\/\/schema.org","@graph":[{"@type":"WebPage","@id":"https:\/\/omegadrivingschool.com\/book-now\/books\/","url":"https:\/\/omegadrivingschool.com\/book-now\/books\/","name":"Books - Omega Driving School Montreal","isPartOf":{"@id":"https:\/\/omegadrivingschool.com\/#website"},"primaryImageOfPage":{"@id":"https:\/\/omegadrivingschool.com\/book-now\/books\/#primaryimage"},"image":{"@id":"https:\/\/omegadrivingschool.com\/book-now\/books\/#primaryimage"},"thumbnailUrl":"https:\/\/omegadrivingschool.com\/wp-content\/uploads\/2022\/10\/Picture2-234x300-1.jpg","datePublished":"2022-11-30T15:15:17+00:00","dateModified":"2025-11-20T00:59:47+00:00","breadcrumb":{"@id":"https:\/\/omegadrivingschool.com\/book-now\/books\/#breadcrumb"},"inLanguage":"fr-CA","potentialAction":[{"@type":"ReadAction","target":["https:\/\/omegadrivingschool.com\/book-now\/books\/"]}]},{"@type":"ImageObject","inLanguage":"fr-CA","@id":"https:\/\/omegadrivingschool.com\/book-now\/books\/#primaryimage","url":"https:\/\/omegadrivingschool.com\/wp-content\/uploads\/2022\/10\/Picture2-234x300-1.jpg","contentUrl":"https:\/\/omegadrivingschool.com\/wp-content\/uploads\/2022\/10\/Picture2-234x300-1.jpg"},{"@type":"BreadcrumbList","@id":"https:\/\/omegadrivingschool.com\/book-now\/books\/#breadcrumb","itemListElement":[{"@type":"ListItem","position":1,"name":"Home","item":"https:\/\/omegadrivingschool.com\/"},{"@type":"ListItem","position":2,"name":"Book now","item":"https:\/\/omegadrivingschool.com\/book-now\/"},{"@type":"ListItem","position":3,"name":"Books"}]},{"@type":"WebSite","@id":"https:\/\/omegadrivingschool.com\/#website","url":"https:\/\/omegadrivingschool.com\/","name":"\u00c9cole Conduite Omega Montreal","description":"Apprendre \u00e0 conduire \u00c9cole de conduite Montr\u00e9al","publisher":{"@id":"https:\/\/omegadrivingschool.com\/#organization"},"potentialAction":[{"@type":"SearchAction","target":{"@type":"EntryPoint","urlTemplate":"https:\/\/omegadrivingschool.com\/?s={search_term_string}"},"query-input":{"@type":"PropertyValueSpecification","valueRequired":true,"valueName":"search_term_string"}}],"inLanguage":"fr-CA"},{"@type":"Organization","@id":"https:\/\/omegadrivingschool.com\/#organization","name":"\u00c9cole Conduite Omega Montreal","url":"https:\/\/omegadrivingschool.com\/","logo":{"@type":"ImageObject","inLanguage":"fr-CA","@id":"https:\/\/omegadrivingschool.com\/#\/schema\/logo\/image\/","url":"https:\/\/omegadrivingschool.com\/wp-content\/uploads\/2015\/07\/Omega-Logo-6.png","contentUrl":"https:\/\/omegadrivingschool.com\/wp-content\/uploads\/2015\/07\/Omega-Logo-6.png","width":1400,"height":354,"caption":"Omega Driving School Montreal"},"image":{"@id":"https:\/\/omegadrivingschool.com\/#\/schema\/logo\/image\/"}}]}},"_links":{"self":[{"href":"https:\/\/omegadrivingschool.com\/fr\/wp-json\/wp\/v2\/pages\/8718","targetHints":{"allow":["GET"]}}],"collection":[{"href":"https:\/\/omegadrivingschool.com\/fr\/wp-json\/wp\/v2\/pages"}],"about":[{"href":"https:\/\/omegadrivingschool.com\/fr\/wp-json\/wp\/v2\/types\/page"}],"author":[{"embeddable":true,"href":"https:\/\/omegadrivingschool.com\/fr\/wp-json\/wp\/v2\/users\/2"}],"replies":[{"embeddable":true,"href":"https:\/\/omegadrivingschool.com\/fr\/wp-json\/wp\/v2\/comments?post=8718"}],"version-history":[{"count":6,"href":"https:\/\/omegadrivingschool.com\/fr\/wp-json\/wp\/v2\/pages\/8718\/revisions"}],"predecessor-version":[{"id":11621,"href":"https:\/\/omegadrivingschool.com\/fr\/wp-json\/wp\/v2\/pages\/8718\/revisions\/11621"}],"up":[{"embeddable":true,"href":"https:\/\/omegadrivingschool.com\/fr\/wp-json\/wp\/v2\/pages\/8409"}],"wp:attachment":[{"href":"https:\/\/omegadrivingschool.com\/fr\/wp-json\/wp\/v2\/media?parent=8718"}],"curies":[{"name":"wp","href":"https:\/\/api.w.org\/{rel}","templated":true}]}}