{"id":2107,"date":"2014-10-02T05:32:08","date_gmt":"2014-10-02T05:32:08","guid":{"rendered":"http:\/\/pexetothemes.com\/demos\/story_demos\/agency\/?page_id=8"},"modified":"2025-11-19T20:05:07","modified_gmt":"2025-11-20T01:05:07","slug":"contact","status":"publish","type":"page","link":"https:\/\/omegadrivingschool.com\/fr\/contactez-nous\/","title":{"rendered":"Contactez-nous"},"content":{"rendered":"\t\t<div data-elementor-type=\"wp-page\" data-elementor-id=\"2107\" class=\"elementor elementor-2107\" data-elementor-post-type=\"page\">\n\t\t\t\t<div class=\"elementor-element elementor-element-52e9835 e-con-full e-flex e-con e-parent\" data-id=\"52e9835\" data-element_type=\"container\" data-e-type=\"container\">\n\t\t\t\t<div class=\"elementor-element elementor-element-8152906 elementor-widget elementor-widget-template\" data-id=\"8152906\" data-element_type=\"widget\" data-e-type=\"widget\" data-widget_type=\"template.default\">\n\t\t\t\t<div class=\"elementor-widget-container\">\n\t\t\t\t\t\t\t<div class=\"elementor-template\">\n\t\t\t\t\t<div data-elementor-type=\"container\" data-elementor-id=\"11526\" class=\"elementor elementor-11526\" data-elementor-post-type=\"elementor_library\">\n\t\t\t\t<div class=\"elementor-element elementor-element-6de09c49 regularpad e-flex e-con-boxed e-con e-parent\" data-id=\"6de09c49\" data-element_type=\"container\" data-e-type=\"container\" data-settings=\"{&quot;background_background&quot;:&quot;classic&quot;}\">\n\t\t\t\t\t<div class=\"e-con-inner\">\n\t\t<div class=\"elementor-element elementor-element-2dea17e3 e-con-full regcol e-flex e-con e-child\" data-id=\"2dea17e3\" data-element_type=\"container\" data-e-type=\"container\">\n\t\t\t\t<div class=\"elementor-element elementor-element-515b12c elementor-widget elementor-widget-heading\" data-id=\"515b12c\" data-element_type=\"widget\" data-e-type=\"widget\" data-widget_type=\"heading.default\">\n\t\t\t\t\t<h1 class=\"elementor-heading-title elementor-size-default\">Contact<\/h1>\t\t\t\t<\/div>\n\t\t\t\t<\/div>\n\t\t\t\t\t<\/div>\n\t\t\t\t<\/div>\n\t\t\t\t<\/div>\n\t\t\t\t<\/div>\n\t\t\t\t\t\t<\/div>\n\t\t\t\t<\/div>\n\t\t\t\t<\/div>\n\t\t<div class=\"elementor-element elementor-element-ad85a23 e-flex e-con-boxed e-con e-parent\" data-id=\"ad85a23\" data-element_type=\"container\" data-e-type=\"container\">\n\t\t\t\t\t<div class=\"e-con-inner\">\n\t\t<div class=\"elementor-element elementor-element-ad6ab41 e-con-full regcol e-flex e-con e-child\" data-id=\"ad6ab41\" data-element_type=\"container\" data-e-type=\"container\">\n\t\t<div class=\"elementor-element elementor-element-42d5c82 e-con-full e-flex e-con e-child\" data-id=\"42d5c82\" data-element_type=\"container\" data-e-type=\"container\">\n\t\t\t\t<div class=\"elementor-element elementor-element-d2c51f6 elementor-widget elementor-widget-heading\" data-id=\"d2c51f6\" data-element_type=\"widget\" data-e-type=\"widget\" data-widget_type=\"heading.default\">\n\t\t\t\t\t<div class=\"elementor-heading-title elementor-size-default\">Contact Us<\/div>\t\t\t\t<\/div>\n\t\t\t\t<div class=\"elementor-element elementor-element-ba4eb89 elementor-button-align-start elementor-widget elementor-widget-form\" data-id=\"ba4eb89\" data-element_type=\"widget\" data-e-type=\"widget\" data-settings=\"{&quot;step_next_label&quot;:&quot;Next&quot;,&quot;step_previous_label&quot;:&quot;Previous&quot;,&quot;button_width&quot;:&quot;100&quot;,&quot;step_type&quot;:&quot;number_text&quot;,&quot;step_icon_shape&quot;:&quot;circle&quot;}\" data-widget_type=\"form.default\">\n\t\t\t\t\t\t\t<form class=\"elementor-form\" method=\"post\" name=\"New Form\" aria-label=\"New Form\">\n\t\t\t<input type=\"hidden\" name=\"post_id\" value=\"2107\"\/>\n\t\t\t<input type=\"hidden\" name=\"form_id\" value=\"ba4eb89\"\/>\n\t\t\t<input type=\"hidden\" name=\"referer_title\" value=\"Omega Driving School Montreal\" \/>\n\n\t\t\t\n\t\t\t<div class=\"elementor-form-fields-wrapper elementor-labels-above\">\n\t\t\t\t\t\t\t\t<div class=\"elementor-field-type-text elementor-field-group elementor-column elementor-field-group-field_21122f1 elementor-col-100\">\n\t\t\t\t\t\t\t\t\t\t\t\t<label for=\"form-field-field_21122f1\" class=\"elementor-field-label\">\n\t\t\t\t\t\t\t\tNom\t\t\t\t\t\t\t<\/label>\n\t\t\t\t\t\t\t\t\t\t\t\t\t\t<input size=\"1\" type=\"text\" name=\"form_fields[field_21122f1]\" id=\"form-field-field_21122f1\" class=\"elementor-field elementor-size-sm  elementor-field-textual\" placeholder=\"Name\">\n\t\t\t\t\t\t\t\t\t\t\t<\/div>\n\t\t\t\t\t\t\t\t<div class=\"elementor-field-type-email elementor-field-group elementor-column elementor-field-group-email elementor-col-100 elementor-field-required\">\n\t\t\t\t\t\t\t\t\t\t\t\t<label for=\"form-field-email\" class=\"elementor-field-label\">\n\t\t\t\t\t\t\t\tEmail\t\t\t\t\t\t\t<\/label>\n\t\t\t\t\t\t\t\t\t\t\t\t\t\t<input size=\"1\" type=\"email\" name=\"form_fields[email]\" id=\"form-field-email\" class=\"elementor-field elementor-size-sm  elementor-field-textual\" placeholder=\"Email\" required=\"required\">\n\t\t\t\t\t\t\t\t\t\t\t<\/div>\n\t\t\t\t\t\t\t\t<div class=\"elementor-field-type-textarea elementor-field-group elementor-column elementor-field-group-message elementor-col-100\">\n\t\t\t\t\t\t\t\t\t\t\t\t<label for=\"form-field-message\" class=\"elementor-field-label\">\n\t\t\t\t\t\t\t\tMessage\t\t\t\t\t\t\t<\/label>\n\t\t\t\t\t\t<textarea class=\"elementor-field-textual elementor-field  elementor-size-sm\" name=\"form_fields[message]\" id=\"form-field-message\" rows=\"4\" placeholder=\"Message\"><\/textarea>\t\t\t\t<\/div>\n\t\t\t\t\t\t\t\t<div class=\"elementor-field-group elementor-column elementor-field-type-submit elementor-col-100 e-form__buttons\">\n\t\t\t\t\t<button class=\"elementor-button elementor-size-sm\" type=\"submit\">\n\t\t\t\t\t\t<span class=\"elementor-button-content-wrapper\">\n\t\t\t\t\t\t\t\t\t\t\t\t\t\t\t\t\t\t\t\t\t\t<span class=\"elementor-button-text\">Send<\/span>\n\t\t\t\t\t\t\t\t\t\t\t\t\t<\/span>\n\t\t\t\t\t<\/button>\n\t\t\t\t<\/div>\n\t\t\t<\/div>\n\t\t<\/form>\n\t\t\t\t\t\t<\/div>\n\t\t\t\t<\/div>\n\t\t<div class=\"elementor-element elementor-element-21dfda9 e-con-full e-flex e-con e-child\" data-id=\"21dfda9\" data-element_type=\"container\" data-e-type=\"container\">\n\t\t<div class=\"elementor-element elementor-element-a05b607 e-con-full e-flex e-con e-child\" data-id=\"a05b607\" data-element_type=\"container\" data-e-type=\"container\">\n\t\t<div class=\"elementor-element elementor-element-6c68ba2 e-con-full e-flex e-con e-child\" data-id=\"6c68ba2\" data-element_type=\"container\" data-e-type=\"container\" data-settings=\"{&quot;background_background&quot;:&quot;classic&quot;}\">\n\t\t\t\t<div class=\"elementor-element elementor-element-daa40b3 elementor-widget elementor-widget-heading\" data-id=\"daa40b3\" data-element_type=\"widget\" data-e-type=\"widget\" data-widget_type=\"heading.default\">\n\t\t\t\t\t<h2 class=\"elementor-heading-title elementor-size-medium\">Omega Driving School (Sherbrooke-NDG)<\/h2>\t\t\t\t<\/div>\n\t\t\t\t<div class=\"elementor-element elementor-element-b50a680 elementor-position-inline-start elementor-view-default elementor-mobile-position-block-start elementor-widget elementor-widget-icon-box\" data-id=\"b50a680\" data-element_type=\"widget\" data-e-type=\"widget\" data-widget_type=\"icon-box.default\">\n\t\t\t\t\t\t\t<div class=\"elementor-icon-box-wrapper\">\n\n\t\t\t\t\t\t<div class=\"elementor-icon-box-icon\">\n\t\t\t\t<span  class=\"elementor-icon\">\n\t\t\t\t<svg aria-hidden=\"true\" class=\"e-font-icon-svg e-fas-clock\" viewBox=\"0 0 512 512\" xmlns=\"http:\/\/www.w3.org\/2000\/svg\"><path d=\"M256,8C119,8,8,119,8,256S119,504,256,504,504,393,504,256,393,8,256,8Zm92.49,313h0l-20,25a16,16,0,0,1-22.49,2.5h0l-67-49.72a40,40,0,0,1-15-31.23V112a16,16,0,0,1,16-16h32a16,16,0,0,1,16,16V256l58,42.5A16,16,0,0,1,348.49,321Z\"><\/path><\/svg>\t\t\t\t<\/span>\n\t\t\t<\/div>\n\t\t\t\n\t\t\t\t\t\t<div class=\"elementor-icon-box-content\">\n\n\t\t\t\t\t\t\t\t\t<div class=\"elementor-icon-box-title\">\n\t\t\t\t\t\t<span  >\n\t\t\t\t\t\t\tWeekdays: 11:00 a.m. to 7:00 p.m.<br>Saturday: 10:00 a.m. to 3:00 p.m.\t\t\t\t\t\t<\/span>\n\t\t\t\t\t<\/div>\n\t\t\t\t\n\t\t\t\t\n\t\t\t<\/div>\n\t\t\t\n\t\t<\/div>\n\t\t\t\t\t\t<\/div>\n\t\t\t\t<div class=\"elementor-element elementor-element-1917263 elementor-position-inline-start elementor-view-default elementor-mobile-position-block-start elementor-widget elementor-widget-icon-box\" data-id=\"1917263\" data-element_type=\"widget\" data-e-type=\"widget\" data-widget_type=\"icon-box.default\">\n\t\t\t\t\t\t\t<div class=\"elementor-icon-box-wrapper\">\n\n\t\t\t\t\t\t<div class=\"elementor-icon-box-icon\">\n\t\t\t\t<a href=\"tel:514-908-2580\" class=\"elementor-icon\" tabindex=\"-1\" aria-label=\"5491 Sherbrooke West &lt;Br \/&gt;Montreal Quebec, H4A 1W1\">\n\t\t\t\t<svg aria-hidden=\"true\" class=\"e-font-icon-svg e-fas-map-marker-alt\" viewBox=\"0 0 384 512\" xmlns=\"http:\/\/www.w3.org\/2000\/svg\"><path d=\"M172.268 501.67C26.97 291.031 0 269.413 0 192 0 85.961 85.961 0 192 0s192 85.961 192 192c0 77.413-26.97 99.031-172.268 309.67-9.535 13.774-29.93 13.773-39.464 0zM192 272c44.183 0 80-35.817 80-80s-35.817-80-80-80-80 35.817-80 80 35.817 80 80 80z\"><\/path><\/svg>\t\t\t\t<\/a>\n\t\t\t<\/div>\n\t\t\t\n\t\t\t\t\t\t<div class=\"elementor-icon-box-content\">\n\n\t\t\t\t\t\t\t\t\t<div class=\"elementor-icon-box-title\">\n\t\t\t\t\t\t<a href=\"tel:514-908-2580\" >\n\t\t\t\t\t\t\t5491 Sherbrooke West <Br \/>Montreal Quebec, H4A 1W1\t\t\t\t\t\t<\/a>\n\t\t\t\t\t<\/div>\n\t\t\t\t\n\t\t\t\t\t\t\t\t\t<p class=\"elementor-icon-box-description\">\n\t\t\t\t\t\tTel: 514-908-2580\t\t\t\t\t<\/p>\n\t\t\t\t\n\t\t\t<\/div>\n\t\t\t\n\t\t<\/div>\n\t\t\t\t\t\t<\/div>\n\t\t\t\t<\/div>\n\t\t\t\t<\/div>\n\t\t<div class=\"elementor-element elementor-element-c058628 e-con-full e-flex e-con e-child\" data-id=\"c058628\" data-element_type=\"container\" data-e-type=\"container\">\n\t\t<div class=\"elementor-element elementor-element-1e20168 e-con-full e-flex e-con e-child\" data-id=\"1e20168\" data-element_type=\"container\" data-e-type=\"container\" data-settings=\"{&quot;background_background&quot;:&quot;classic&quot;}\">\n\t\t\t\t<div class=\"elementor-element elementor-element-9308089 elementor-widget elementor-widget-heading\" data-id=\"9308089\" data-element_type=\"widget\" data-e-type=\"widget\" data-widget_type=\"heading.default\">\n\t\t\t\t\t<h2 class=\"elementor-heading-title elementor-size-medium\">Omega Driving School (Guy-Concordia)<\/h2>\t\t\t\t<\/div>\n\t\t\t\t<div class=\"elementor-element elementor-element-67c655d elementor-position-inline-start elementor-view-default elementor-mobile-position-block-start elementor-widget elementor-widget-icon-box\" data-id=\"67c655d\" data-element_type=\"widget\" data-e-type=\"widget\" data-widget_type=\"icon-box.default\">\n\t\t\t\t\t\t\t<div class=\"elementor-icon-box-wrapper\">\n\n\t\t\t\t\t\t<div class=\"elementor-icon-box-icon\">\n\t\t\t\t<span  class=\"elementor-icon\">\n\t\t\t\t<svg aria-hidden=\"true\" class=\"e-font-icon-svg e-fas-clock\" viewBox=\"0 0 512 512\" xmlns=\"http:\/\/www.w3.org\/2000\/svg\"><path d=\"M256,8C119,8,8,119,8,256S119,504,256,504,504,393,504,256,393,8,256,8Zm92.49,313h0l-20,25a16,16,0,0,1-22.49,2.5h0l-67-49.72a40,40,0,0,1-15-31.23V112a16,16,0,0,1,16-16h32a16,16,0,0,1,16,16V256l58,42.5A16,16,0,0,1,348.49,321Z\"><\/path><\/svg>\t\t\t\t<\/span>\n\t\t\t<\/div>\n\t\t\t\n\t\t\t\t\t\t<div class=\"elementor-icon-box-content\">\n\n\t\t\t\t\t\t\t\t\t<div class=\"elementor-icon-box-title\">\n\t\t\t\t\t\t<span  >\n\t\t\t\t\t\t\tWeekdays: 10:00 a.m. to 7:00 p.m.<br>Saturday: 10:00 a.m. to 3:00 p.m.\t\t\t\t\t\t<\/span>\n\t\t\t\t\t<\/div>\n\t\t\t\t\n\t\t\t\t\n\t\t\t<\/div>\n\t\t\t\n\t\t<\/div>\n\t\t\t\t\t\t<\/div>\n\t\t\t\t<div class=\"elementor-element elementor-element-e6baadc elementor-position-inline-start elementor-view-default elementor-mobile-position-block-start elementor-widget elementor-widget-icon-box\" data-id=\"e6baadc\" data-element_type=\"widget\" data-e-type=\"widget\" data-widget_type=\"icon-box.default\">\n\t\t\t\t\t\t\t<div class=\"elementor-icon-box-wrapper\">\n\n\t\t\t\t\t\t<div class=\"elementor-icon-box-icon\">\n\t\t\t\t<a href=\"tel:514-989-2121\" class=\"elementor-icon\" tabindex=\"-1\" aria-label=\"2100 Guy Suite 200 &lt;Br \/&gt;Montreal Quebec, H3H 2M8\">\n\t\t\t\t<svg aria-hidden=\"true\" class=\"e-font-icon-svg e-fas-map-marker-alt\" viewBox=\"0 0 384 512\" xmlns=\"http:\/\/www.w3.org\/2000\/svg\"><path d=\"M172.268 501.67C26.97 291.031 0 269.413 0 192 0 85.961 85.961 0 192 0s192 85.961 192 192c0 77.413-26.97 99.031-172.268 309.67-9.535 13.774-29.93 13.773-39.464 0zM192 272c44.183 0 80-35.817 80-80s-35.817-80-80-80-80 35.817-80 80 35.817 80 80 80z\"><\/path><\/svg>\t\t\t\t<\/a>\n\t\t\t<\/div>\n\t\t\t\n\t\t\t\t\t\t<div class=\"elementor-icon-box-content\">\n\n\t\t\t\t\t\t\t\t\t<div class=\"elementor-icon-box-title\">\n\t\t\t\t\t\t<a href=\"tel:514-989-2121\" >\n\t\t\t\t\t\t\t2100 Guy Suite 200 <Br \/>Montreal Quebec, H3H 2M8\t\t\t\t\t\t<\/a>\n\t\t\t\t\t<\/div>\n\t\t\t\t\n\t\t\t\t\t\t\t\t\t<p class=\"elementor-icon-box-description\">\n\t\t\t\t\t\tTel: 514-989-2121\t\t\t\t\t<\/p>\n\t\t\t\t\n\t\t\t<\/div>\n\t\t\t\n\t\t<\/div>\n\t\t\t\t\t\t<\/div>\n\t\t\t\t<\/div>\n\t\t\t\t<\/div>\n\t\t\t\t<\/div>\n\t\t\t\t<\/div>\n\t\t\t\t\t<\/div>\n\t\t\t\t<\/div>\n\t\t<div class=\"elementor-element elementor-element-1882402 regularpad e-flex e-con-boxed e-con e-parent\" data-id=\"1882402\" data-element_type=\"container\" data-e-type=\"container\">\n\t\t\t\t\t<div class=\"e-con-inner\">\n\t\t<div class=\"elementor-element elementor-element-e1cefc7 e-con-full regcol e-flex e-con e-child\" data-id=\"e1cefc7\" data-element_type=\"container\" data-e-type=\"container\">\n\t\t<div class=\"elementor-element elementor-element-422ead6 e-con-full e-flex e-con e-child\" data-id=\"422ead6\" data-element_type=\"container\" data-e-type=\"container\">\n\t\t\t\t<div class=\"elementor-element elementor-element-b71229d elementor-widget elementor-widget-heading\" data-id=\"b71229d\" data-element_type=\"widget\" data-e-type=\"widget\" data-widget_type=\"heading.default\">\n\t\t\t\t\t<h4 class=\"elementor-heading-title elementor-size-default\">SHERBROOKE-NDG LOCATION<\/h4>\t\t\t\t<\/div>\n\t\t\t\t<div class=\"elementor-element elementor-element-da3b305 elementor-widget elementor-widget-google_maps\" data-id=\"da3b305\" data-element_type=\"widget\" data-e-type=\"widget\" data-widget_type=\"google_maps.default\">\n\t\t\t\t\t\t\t<div class=\"elementor-custom-embed\">\n\t\t\t<iframe loading=\"lazy\"\n\t\t\t\t\tsrc=\"https:\/\/maps.google.com\/maps?q=5491%20Sherbrooke%20West%20Montreal%20Quebec%2C%20H4A%201W1&#038;t=m&#038;z=10&#038;output=embed&#038;iwloc=near\"\n\t\t\t\t\ttitle=\"5491 Sherbrooke West Montreal Quebec, H4A 1W1\"\n\t\t\t\t\taria-label=\"5491 Sherbrooke West Montreal Quebec, H4A 1W1\"\n\t\t\t><\/iframe>\n\t\t<\/div>\n\t\t\t\t\t\t<\/div>\n\t\t\t\t<\/div>\n\t\t<div class=\"elementor-element elementor-element-d673a77 e-con-full e-flex e-con e-child\" data-id=\"d673a77\" data-element_type=\"container\" data-e-type=\"container\">\n\t\t\t\t<div class=\"elementor-element elementor-element-c8962d8 elementor-widget elementor-widget-heading\" data-id=\"c8962d8\" data-element_type=\"widget\" data-e-type=\"widget\" data-widget_type=\"heading.default\">\n\t\t\t\t\t<h4 class=\"elementor-heading-title elementor-size-default\">GUY-CONCORDIA LOCATION<\/h4>\t\t\t\t<\/div>\n\t\t\t\t<div class=\"elementor-element elementor-element-94e89b1 elementor-widget elementor-widget-google_maps\" data-id=\"94e89b1\" data-element_type=\"widget\" data-e-type=\"widget\" data-widget_type=\"google_maps.default\">\n\t\t\t\t\t\t\t<div class=\"elementor-custom-embed\">\n\t\t\t<iframe loading=\"lazy\"\n\t\t\t\t\tsrc=\"https:\/\/maps.google.com\/maps?q=2100%20Guy%20Suite%20200%20Montreal%20Quebec%2C%20H3H%202M8&#038;t=m&#038;z=10&#038;output=embed&#038;iwloc=near\"\n\t\t\t\t\ttitle=\"2100 Guy Suite 200 Montreal Quebec, H3H 2M8\"\n\t\t\t\t\taria-label=\"2100 Guy Suite 200 Montreal Quebec, H3H 2M8\"\n\t\t\t><\/iframe>\n\t\t<\/div>\n\t\t\t\t\t\t<\/div>\n\t\t\t\t<\/div>\n\t\t\t\t<\/div>\n\t\t\t\t\t<\/div>\n\t\t\t\t<\/div>\n\t\t\t\t<\/div>\n\t\t","protected":false},"excerpt":{"rendered":"<p>Contact Us Omega Driving School (Sherbrooke-NDG) Weekdays: 11:00 a.m. to 7:00 p.m.Saturday: 10:00 a.m. to 3:00 p.m. 5491 Sherbrooke West Montreal Quebec, H4A 1W1 Tel: 514-908-2580 Omega Driving School (Guy-Concordia) Weekdays: 10:00 a.m. to 7:00 p.m.Saturday: 10:00 a.m. to 3:00 p.m. 2100 Guy Suite 200 Montreal Quebec, H3H 2M8 Tel: 514-989-2121 SHERBROOKE-NDG LOCATION GUY-CONCORDIA LOCATION<\/p>","protected":false},"author":2,"featured_media":2178,"parent":0,"menu_order":0,"comment_status":"closed","ping_status":"closed","template":"","meta":{"_acf_changed":false,"footnotes":""},"class_list":["post-2107","page","type-page","status-publish","has-post-thumbnail","hentry"],"acf":[],"yoast_head":"<!-- This site is optimized with the Yoast SEO plugin v27.5 - https:\/\/yoast.com\/product\/yoast-seo-wordpress\/ -->\n<title>Contact - Omega Driving School Montreal<\/title>\n<meta name=\"description\" content=\"Contact Omega Driving School Montreal : Sherbrooke 514-908-2580, Guy 514-989-2121\" \/>\n<meta name=\"robots\" content=\"index, follow, max-snippet:-1, max-image-preview:large, max-video-preview:-1\" \/>\n<link rel=\"canonical\" href=\"https:\/\/omegadrivingschool.com\/fr\/contactez-nous\/\" \/>\n<meta property=\"og:locale\" content=\"fr_CA\" \/>\n<meta property=\"og:type\" content=\"article\" \/>\n<meta property=\"og:title\" content=\"Contact - Omega Driving School Montreal\" \/>\n<meta property=\"og:description\" content=\"Contact Omega Driving School Montreal : Sherbrooke 514-908-2580, Guy 514-989-2121\" \/>\n<meta property=\"og:url\" content=\"https:\/\/omegadrivingschool.com\/fr\/contactez-nous\/\" \/>\n<meta property=\"og:site_name\" content=\"Omega Driving School Montreal\" \/>\n<meta property=\"article:modified_time\" content=\"2025-11-20T01:05:07+00:00\" \/>\n<meta property=\"og:image\" content=\"https:\/\/omegadrivingschool.com\/wp-content\/uploads\/2014\/05\/omega-featured-image.png\" \/>\n\t<meta property=\"og:image:width\" content=\"1400\" \/>\n\t<meta property=\"og:image:height\" content=\"654\" \/>\n\t<meta property=\"og:image:type\" content=\"image\/png\" \/>\n<meta name=\"twitter:card\" content=\"summary_large_image\" \/>\n<meta name=\"twitter:label1\" content=\"Estimation du temps de lecture\" \/>\n\t<meta name=\"twitter:data1\" content=\"1 minute\" \/>\n<script type=\"application\/ld+json\" class=\"yoast-schema-graph\">{\"@context\":\"https:\\\/\\\/schema.org\",\"@graph\":[{\"@type\":\"WebPage\",\"@id\":\"https:\\\/\\\/omegadrivingschool.com\\\/contact\\\/\",\"url\":\"https:\\\/\\\/omegadrivingschool.com\\\/contact\\\/\",\"name\":\"Contact - Omega Driving School Montreal\",\"isPartOf\":{\"@id\":\"https:\\\/\\\/omegadrivingschool.com\\\/#website\"},\"primaryImageOfPage\":{\"@id\":\"https:\\\/\\\/omegadrivingschool.com\\\/contact\\\/#primaryimage\"},\"image\":{\"@id\":\"https:\\\/\\\/omegadrivingschool.com\\\/contact\\\/#primaryimage\"},\"thumbnailUrl\":\"https:\\\/\\\/omegadrivingschool.com\\\/wp-content\\\/uploads\\\/2014\\\/05\\\/omega-featured-image.png\",\"datePublished\":\"2014-10-02T05:32:08+00:00\",\"dateModified\":\"2025-11-20T01:05:07+00:00\",\"description\":\"Contact Omega Driving School Montreal : Sherbrooke 514-908-2580, Guy 514-989-2121\",\"breadcrumb\":{\"@id\":\"https:\\\/\\\/omegadrivingschool.com\\\/contact\\\/#breadcrumb\"},\"inLanguage\":\"fr-CA\",\"potentialAction\":[{\"@type\":\"ReadAction\",\"target\":[\"https:\\\/\\\/omegadrivingschool.com\\\/contact\\\/\"]}]},{\"@type\":\"ImageObject\",\"inLanguage\":\"fr-CA\",\"@id\":\"https:\\\/\\\/omegadrivingschool.com\\\/contact\\\/#primaryimage\",\"url\":\"https:\\\/\\\/omegadrivingschool.com\\\/wp-content\\\/uploads\\\/2014\\\/05\\\/omega-featured-image.png\",\"contentUrl\":\"https:\\\/\\\/omegadrivingschool.com\\\/wp-content\\\/uploads\\\/2014\\\/05\\\/omega-featured-image.png\",\"width\":1400,\"height\":654},{\"@type\":\"BreadcrumbList\",\"@id\":\"https:\\\/\\\/omegadrivingschool.com\\\/contact\\\/#breadcrumb\",\"itemListElement\":[{\"@type\":\"ListItem\",\"position\":1,\"name\":\"Home\",\"item\":\"https:\\\/\\\/omegadrivingschool.com\\\/\"},{\"@type\":\"ListItem\",\"position\":2,\"name\":\"Contact\"}]},{\"@type\":\"WebSite\",\"@id\":\"https:\\\/\\\/omegadrivingschool.com\\\/#website\",\"url\":\"https:\\\/\\\/omegadrivingschool.com\\\/\",\"name\":\"Omega Driving School Montreal\",\"description\":\":earn How To Drive Driving School Montreal\",\"publisher\":{\"@id\":\"https:\\\/\\\/omegadrivingschool.com\\\/#organization\"},\"potentialAction\":[{\"@type\":\"SearchAction\",\"target\":{\"@type\":\"EntryPoint\",\"urlTemplate\":\"https:\\\/\\\/omegadrivingschool.com\\\/?s={search_term_string}\"},\"query-input\":{\"@type\":\"PropertyValueSpecification\",\"valueRequired\":true,\"valueName\":\"search_term_string\"}}],\"inLanguage\":\"fr-CA\"},{\"@type\":\"Organization\",\"@id\":\"https:\\\/\\\/omegadrivingschool.com\\\/#organization\",\"name\":\"Omega Driving School Montreal\",\"url\":\"https:\\\/\\\/omegadrivingschool.com\\\/\",\"logo\":{\"@type\":\"ImageObject\",\"inLanguage\":\"fr-CA\",\"@id\":\"https:\\\/\\\/omegadrivingschool.com\\\/#\\\/schema\\\/logo\\\/image\\\/\",\"url\":\"https:\\\/\\\/omegadrivingschool.com\\\/wp-content\\\/uploads\\\/2015\\\/07\\\/Omega-Logo-6.png\",\"contentUrl\":\"https:\\\/\\\/omegadrivingschool.com\\\/wp-content\\\/uploads\\\/2015\\\/07\\\/Omega-Logo-6.png\",\"width\":1400,\"height\":354,\"caption\":\"Omega Driving School Montreal\"},\"image\":{\"@id\":\"https:\\\/\\\/omegadrivingschool.com\\\/#\\\/schema\\\/logo\\\/image\\\/\"}}]}<\/script>\n<!-- \/ Yoast SEO plugin. -->","yoast_head_json":{"title":"Contactez Nous - \u00c9cole Conduite Omega Montreal","description":"Contactez Nous, Sherbrooke 514-908-2580, Guy 514-989-2121","robots":{"index":"index","follow":"follow","max-snippet":"max-snippet:-1","max-image-preview":"max-image-preview:large","max-video-preview":"max-video-preview:-1"},"canonical":"https:\/\/omegadrivingschool.com\/fr\/contactez-nous\/","og_locale":"fr_CA","og_type":"article","og_title":"Contact - Omega Driving School Montreal","og_description":"Contact Omega Driving School Montreal : Sherbrooke 514-908-2580, Guy 514-989-2121","og_url":"https:\/\/omegadrivingschool.com\/fr\/contactez-nous\/","og_site_name":"Omega Driving School Montreal","article_modified_time":"2025-11-20T01:05:07+00:00","og_image":[{"width":1400,"height":654,"url":"https:\/\/omegadrivingschool.com\/wp-content\/uploads\/2014\/05\/omega-featured-image.png","type":"image\/png"}],"twitter_card":"summary_large_image","twitter_misc":{"Estimation du temps de lecture":"1 minute"},"schema":{"@context":"https:\/\/schema.org","@graph":[{"@type":"WebPage","@id":"https:\/\/omegadrivingschool.com\/contact\/","url":"https:\/\/omegadrivingschool.com\/contact\/","name":"Contactez Nous - \u00c9cole Conduite Omega Montreal","isPartOf":{"@id":"https:\/\/omegadrivingschool.com\/#website"},"primaryImageOfPage":{"@id":"https:\/\/omegadrivingschool.com\/contact\/#primaryimage"},"image":{"@id":"https:\/\/omegadrivingschool.com\/contact\/#primaryimage"},"thumbnailUrl":"https:\/\/omegadrivingschool.com\/wp-content\/uploads\/2014\/05\/omega-featured-image.png","datePublished":"2014-10-02T05:32:08+00:00","dateModified":"2025-11-20T01:05:07+00:00","description":"Contactez Nous, Sherbrooke 514-908-2580, Guy 514-989-2121","breadcrumb":{"@id":"https:\/\/omegadrivingschool.com\/contact\/#breadcrumb"},"inLanguage":"fr-CA","potentialAction":[{"@type":"ReadAction","target":["https:\/\/omegadrivingschool.com\/contact\/"]}]},{"@type":"ImageObject","inLanguage":"fr-CA","@id":"https:\/\/omegadrivingschool.com\/contact\/#primaryimage","url":"https:\/\/omegadrivingschool.com\/wp-content\/uploads\/2014\/05\/omega-featured-image.png","contentUrl":"https:\/\/omegadrivingschool.com\/wp-content\/uploads\/2014\/05\/omega-featured-image.png","width":1400,"height":654},{"@type":"BreadcrumbList","@id":"https:\/\/omegadrivingschool.com\/contact\/#breadcrumb","itemListElement":[{"@type":"ListItem","position":1,"name":"Home","item":"https:\/\/omegadrivingschool.com\/"},{"@type":"ListItem","position":2,"name":"Contact"}]},{"@type":"WebSite","@id":"https:\/\/omegadrivingschool.com\/#website","url":"https:\/\/omegadrivingschool.com\/","name":"\u00c9cole Conduite Omega Montreal","description":"Apprendre \u00e0 conduire \u00c9cole de conduite Montr\u00e9al","publisher":{"@id":"https:\/\/omegadrivingschool.com\/#organization"},"potentialAction":[{"@type":"SearchAction","target":{"@type":"EntryPoint","urlTemplate":"https:\/\/omegadrivingschool.com\/?s={search_term_string}"},"query-input":{"@type":"PropertyValueSpecification","valueRequired":true,"valueName":"search_term_string"}}],"inLanguage":"fr-CA"},{"@type":"Organization","@id":"https:\/\/omegadrivingschool.com\/#organization","name":"\u00c9cole Conduite Omega Montreal","url":"https:\/\/omegadrivingschool.com\/","logo":{"@type":"ImageObject","inLanguage":"fr-CA","@id":"https:\/\/omegadrivingschool.com\/#\/schema\/logo\/image\/","url":"https:\/\/omegadrivingschool.com\/wp-content\/uploads\/2015\/07\/Omega-Logo-6.png","contentUrl":"https:\/\/omegadrivingschool.com\/wp-content\/uploads\/2015\/07\/Omega-Logo-6.png","width":1400,"height":354,"caption":"Omega Driving School Montreal"},"image":{"@id":"https:\/\/omegadrivingschool.com\/#\/schema\/logo\/image\/"}}]}},"_links":{"self":[{"href":"https:\/\/omegadrivingschool.com\/fr\/wp-json\/wp\/v2\/pages\/2107","targetHints":{"allow":["GET"]}}],"collection":[{"href":"https:\/\/omegadrivingschool.com\/fr\/wp-json\/wp\/v2\/pages"}],"about":[{"href":"https:\/\/omegadrivingschool.com\/fr\/wp-json\/wp\/v2\/types\/page"}],"author":[{"embeddable":true,"href":"https:\/\/omegadrivingschool.com\/fr\/wp-json\/wp\/v2\/users\/2"}],"replies":[{"embeddable":true,"href":"https:\/\/omegadrivingschool.com\/fr\/wp-json\/wp\/v2\/comments?post=2107"}],"version-history":[{"count":15,"href":"https:\/\/omegadrivingschool.com\/fr\/wp-json\/wp\/v2\/pages\/2107\/revisions"}],"predecessor-version":[{"id":11636,"href":"https:\/\/omegadrivingschool.com\/fr\/wp-json\/wp\/v2\/pages\/2107\/revisions\/11636"}],"wp:featuredmedia":[{"embeddable":true,"href":"https:\/\/omegadrivingschool.com\/fr\/wp-json\/wp\/v2\/media\/2178"}],"wp:attachment":[{"href":"https:\/\/omegadrivingschool.com\/fr\/wp-json\/wp\/v2\/media?parent=2107"}],"curies":[{"name":"wp","href":"https:\/\/api.w.org\/{rel}","templated":true}]}}