{"id":10669,"date":"2024-04-05T22:26:50","date_gmt":"2024-04-06T02:26:50","guid":{"rendered":"https:\/\/omegadrivingschool.com\/?page_id=10669"},"modified":"2025-11-19T20:19:33","modified_gmt":"2025-11-20T01:19:33","slug":"guy","status":"publish","type":"page","link":"https:\/\/omegadrivingschool.com\/fr\/programme\/guy\/","title":{"rendered":"Guy"},"content":{"rendered":"<div data-elementor-type=\"wp-page\" data-elementor-id=\"10669\" class=\"elementor elementor-10669\" data-elementor-post-type=\"page\">\n\t\t\t\t<div class=\"elementor-element elementor-element-d32482d regularpad e-flex e-con-boxed e-con e-parent\" data-id=\"d32482d\" data-element_type=\"container\" data-e-type=\"container\" data-settings=\"{&quot;background_background&quot;:&quot;classic&quot;}\">\n\t\t\t\t\t<div class=\"e-con-inner\">\n\t\t<div class=\"elementor-element elementor-element-f8183d3 e-con-full regcol e-flex e-con e-child\" data-id=\"f8183d3\" data-element_type=\"container\" data-e-type=\"container\">\n\t\t\t\t<div class=\"elementor-element elementor-element-b531d33 elementor-widget elementor-widget-heading\" data-id=\"b531d33\" data-element_type=\"widget\" data-e-type=\"widget\" data-widget_type=\"heading.default\">\n\t\t\t\t\t<h1 class=\"elementor-heading-title elementor-size-default\">Calendrier <br \/><b>Guy - Concordia<\/b><\/h1>\t\t\t\t<\/div>\n\t\t\t\t<\/div>\n\t\t\t\t\t<\/div>\n\t\t\t\t<\/div>\n\t\t<div class=\"elementor-element elementor-element-60bf2cb e-flex e-con-boxed e-con e-parent\" data-id=\"60bf2cb\" data-element_type=\"container\" data-e-type=\"container\">\n\t\t\t\t\t<div class=\"e-con-inner\">\n\t\t<div class=\"elementor-element elementor-element-ad77ed0 e-con-full regcol e-flex e-con e-child\" data-id=\"ad77ed0\" data-element_type=\"container\" data-e-type=\"container\">\n\t\t<div class=\"elementor-element elementor-element-5661593 regularpad e-con-full e-flex e-con e-child\" data-id=\"5661593\" data-element_type=\"container\" data-e-type=\"container\">\n\t\t<div class=\"elementor-element elementor-element-d339f05 e-con-full e-flex e-con e-child\" data-id=\"d339f05\" data-element_type=\"container\" data-e-type=\"container\">\n\t\t\t\t<div class=\"elementor-element elementor-element-571f2da elementor-widget elementor-widget-heading\" data-id=\"571f2da\" data-element_type=\"widget\" data-e-type=\"widget\" data-widget_type=\"heading.default\">\n\t\t\t\t\t<h2 class=\"elementor-heading-title elementor-size-default\">Jad<\/h2>\t\t\t\t<\/div>\n\t\t\t\t<div class=\"elementor-element elementor-element-3d3df97 elementor-widget elementor-widget-html\" data-id=\"3d3df97\" data-element_type=\"widget\" data-e-type=\"widget\" data-widget_type=\"html.default\">\n\t\t\t\t\t<!-- Calendly inline widget begin -->\r\n<div class=\"calendly-inline-widget\" data-url=\"https:\/\/calendly.com\/omegadriving\/guy-1?hide_event_type_details=1&hide_gdpr_banner=1\" style=\"min-width:320px;height:500px;\"><\/div>\r\n<script type=\"text\/javascript\" src=\"https:\/\/assets.calendly.com\/assets\/external\/widget.js\" async><\/script>\r\n<!-- Calendly inline widget end -->\t\t\t\t<\/div>\n\t\t\t\t<\/div>\n\t\t<div class=\"elementor-element elementor-element-6432cc1 e-con-full e-flex e-con e-child\" data-id=\"6432cc1\" data-element_type=\"container\" data-e-type=\"container\">\n\t\t\t\t<div class=\"elementor-element elementor-element-d839370 elementor-widget elementor-widget-heading\" data-id=\"d839370\" data-element_type=\"widget\" data-e-type=\"widget\" data-widget_type=\"heading.default\">\n\t\t\t\t\t<h2 class=\"elementor-heading-title elementor-size-default\">Anh<\/h2>\t\t\t\t<\/div>\n\t\t\t\t<div class=\"elementor-element elementor-element-7bd08b8 elementor-widget elementor-widget-html\" data-id=\"7bd08b8\" data-element_type=\"widget\" data-e-type=\"widget\" data-widget_type=\"html.default\">\n\t\t\t\t\t<!-- Calendly inline widget begin -->\r\n<div class=\"calendly-inline-widget\" data-url=\"https:\/\/calendly.com\/omegadriving\/guy-2?hide_event_type_details=1&hide_gdpr_banner=1\" style=\"min-width:320px;height:500px;\"><\/div>\r\n<script type=\"text\/javascript\" src=\"https:\/\/assets.calendly.com\/assets\/external\/widget.js\" async><\/script>\r\n<!-- Calendly inline widget end -->\t\t\t\t<\/div>\n\t\t\t\t<\/div>\n\t\t\t\t<\/div>\n\t\t\t\t<\/div>\n\t\t\t\t\t<\/div>\n\t\t\t\t<\/div>\n\t\t<div class=\"elementor-element elementor-element-7b82e5b e-flex e-con-boxed e-con e-parent\" data-id=\"7b82e5b\" data-element_type=\"container\" data-e-type=\"container\" data-settings=\"{&quot;background_background&quot;:&quot;classic&quot;}\">\n\t\t\t\t\t<div class=\"e-con-inner\">\n\t\t<div class=\"elementor-element elementor-element-736ed6e e-con-full regcol e-flex e-con e-child\" data-id=\"736ed6e\" data-element_type=\"container\" data-e-type=\"container\">\n\t\t<div class=\"elementor-element elementor-element-69b552c regularpad e-con-full e-flex e-con e-child\" data-id=\"69b552c\" data-element_type=\"container\" data-e-type=\"container\">\n\t\t<div class=\"elementor-element elementor-element-7b00eac e-con-full e-flex e-con e-child\" data-id=\"7b00eac\" data-element_type=\"container\" data-e-type=\"container\">\n\t\t\t\t<div class=\"elementor-element elementor-element-8896bb3 elementor-widget elementor-widget-heading\" data-id=\"8896bb3\" data-element_type=\"widget\" data-e-type=\"widget\" data-widget_type=\"heading.default\">\n\t\t\t\t\t<h2 class=\"elementor-heading-title elementor-size-default\">Nader<\/h2>\t\t\t\t<\/div>\n\t\t\t\t<div class=\"elementor-element elementor-element-675b912 elementor-widget elementor-widget-html\" data-id=\"675b912\" data-element_type=\"widget\" data-e-type=\"widget\" data-widget_type=\"html.default\">\n\t\t\t\t\t<!-- Calendly inline widget begin -->\r\n<div class=\"calendly-inline-widget\" data-url=\"https:\/\/calendly.com\/omegadriving\/guy-3?hide_event_type_details=1&hide_gdpr_banner=1\" style=\"min-width:320px;height:500px;\"><\/div>\r\n<script type=\"text\/javascript\" src=\"https:\/\/assets.calendly.com\/assets\/external\/widget.js\" async><\/script>\r\n<!-- Calendly inline widget end -->\t\t\t\t<\/div>\n\t\t\t\t<\/div>\n\t\t<div class=\"elementor-element elementor-element-fba8642 e-con-full e-flex e-con e-child\" data-id=\"fba8642\" data-element_type=\"container\" data-e-type=\"container\">\n\t\t\t\t<div class=\"elementor-element elementor-element-cf01a6a elementor-widget elementor-widget-heading\" data-id=\"cf01a6a\" data-element_type=\"widget\" data-e-type=\"widget\" data-widget_type=\"heading.default\">\n\t\t\t\t\t<h2 class=\"elementor-heading-title elementor-size-default\">Mary<\/h2>\t\t\t\t<\/div>\n\t\t\t\t<div class=\"elementor-element elementor-element-3f6af21 elementor-widget elementor-widget-html\" data-id=\"3f6af21\" data-element_type=\"widget\" data-e-type=\"widget\" data-widget_type=\"html.default\">\n\t\t\t\t\t<!-- Calendly inline widget begin -->\r\n<div class=\"calendly-inline-widget\" data-url=\"https:\/\/calendly.com\/omegadriving\/guy-4?hide_event_type_details=1&hide_gdpr_banner=1\" style=\"min-width:320px;height:500px;\"><\/div>\r\n<script type=\"text\/javascript\" src=\"https:\/\/assets.calendly.com\/assets\/external\/widget.js\" async><\/script>\r\n<!-- Calendly inline widget end -->\t\t\t\t<\/div>\n\t\t\t\t<\/div>\n\t\t\t\t<\/div>\n\t\t\t\t<\/div>\n\t\t\t\t\t<\/div>\n\t\t\t\t<\/div>\n\t\t<div class=\"elementor-element elementor-element-5ed5a75 e-flex e-con-boxed e-con e-parent\" data-id=\"5ed5a75\" data-element_type=\"container\" data-e-type=\"container\">\n\t\t\t\t\t<div class=\"e-con-inner\">\n\t\t<div class=\"elementor-element elementor-element-1ee050f e-con-full regcol e-flex e-con e-child\" data-id=\"1ee050f\" data-element_type=\"container\" data-e-type=\"container\">\n\t\t<div class=\"elementor-element elementor-element-17080ca regularpad e-con-full e-flex e-con e-child\" data-id=\"17080ca\" data-element_type=\"container\" data-e-type=\"container\">\n\t\t<div class=\"elementor-element elementor-element-80bf1f1 e-con-full e-flex e-con e-child\" data-id=\"80bf1f1\" data-element_type=\"container\" data-e-type=\"container\">\n\t\t\t\t<div class=\"elementor-element elementor-element-fe5a76d elementor-widget elementor-widget-heading\" data-id=\"fe5a76d\" data-element_type=\"widget\" data-e-type=\"widget\" data-widget_type=\"heading.default\">\n\t\t\t\t\t<h2 class=\"elementor-heading-title elementor-size-default\">Seid<\/h2>\t\t\t\t<\/div>\n\t\t\t\t<div class=\"elementor-element elementor-element-4f59926 elementor-widget elementor-widget-html\" data-id=\"4f59926\" data-element_type=\"widget\" data-e-type=\"widget\" data-widget_type=\"html.default\">\n\t\t\t\t\t<!-- Calendly inline widget begin -->\r\n<div class=\"calendly-inline-widget\" data-url=\"https:\/\/calendly.com\/omegadriving\/guy-5?hide_event_type_details=1&hide_gdpr_banner=1\" style=\"min-width:320px;height:500px;\"><\/div>\r\n<script type=\"text\/javascript\" src=\"https:\/\/assets.calendly.com\/assets\/external\/widget.js\" async><\/script>\r\n<!-- Calendly inline widget end -->\t\t\t\t<\/div>\n\t\t\t\t<\/div>\n\t\t<div class=\"elementor-element elementor-element-eecbecb e-con-full e-flex e-con e-child\" data-id=\"eecbecb\" data-element_type=\"container\" data-e-type=\"container\">\n\t\t\t\t<\/div>\n\t\t\t\t<\/div>\n\t\t\t\t<\/div>\n\t\t\t\t\t<\/div>\n\t\t\t\t<\/div>\n\t\t\t\t<\/div>","protected":false},"excerpt":{"rendered":"<p>Schedule Guy &#8211; Concordia Jad Anh Nader Mary Seid<\/p>","protected":false},"author":2,"featured_media":0,"parent":8784,"menu_order":0,"comment_status":"closed","ping_status":"closed","template":"elementor_header_footer","meta":{"_acf_changed":false,"footnotes":""},"class_list":["post-10669","page","type-page","status-publish","hentry"],"acf":[],"yoast_head":"<!-- This site is optimized with the Yoast SEO plugin v27.5 - https:\/\/yoast.com\/product\/yoast-seo-wordpress\/ -->\n<title>Guy - Omega Driving School Montreal<\/title>\n<meta name=\"robots\" content=\"index, follow, max-snippet:-1, max-image-preview:large, max-video-preview:-1\" \/>\n<link rel=\"canonical\" href=\"https:\/\/omegadrivingschool.com\/fr\/programme\/guy\/\" \/>\n<meta property=\"og:locale\" content=\"fr_CA\" \/>\n<meta property=\"og:type\" content=\"article\" \/>\n<meta property=\"og:title\" content=\"Guy - Omega Driving School Montreal\" \/>\n<meta property=\"og:description\" content=\"Schedule Guy &#8211; Concordia Jad Anh Nader Mary Seid\" \/>\n<meta property=\"og:url\" content=\"https:\/\/omegadrivingschool.com\/fr\/programme\/guy\/\" \/>\n<meta property=\"og:site_name\" content=\"Omega Driving School Montreal\" \/>\n<meta property=\"article:modified_time\" content=\"2025-11-20T01:19:33+00:00\" \/>\n<meta name=\"twitter:card\" content=\"summary_large_image\" \/>\n<meta name=\"twitter:label1\" content=\"Estimation du temps de lecture\" \/>\n\t<meta name=\"twitter:data1\" content=\"1 minute\" \/>\n<script type=\"application\/ld+json\" class=\"yoast-schema-graph\">{\"@context\":\"https:\\\/\\\/schema.org\",\"@graph\":[{\"@type\":\"WebPage\",\"@id\":\"https:\\\/\\\/omegadrivingschool.com\\\/schedule\\\/guy\\\/\",\"url\":\"https:\\\/\\\/omegadrivingschool.com\\\/schedule\\\/guy\\\/\",\"name\":\"Guy - Omega Driving School Montreal\",\"isPartOf\":{\"@id\":\"https:\\\/\\\/omegadrivingschool.com\\\/#website\"},\"datePublished\":\"2024-04-06T02:26:50+00:00\",\"dateModified\":\"2025-11-20T01:19:33+00:00\",\"breadcrumb\":{\"@id\":\"https:\\\/\\\/omegadrivingschool.com\\\/schedule\\\/guy\\\/#breadcrumb\"},\"inLanguage\":\"fr-CA\",\"potentialAction\":[{\"@type\":\"ReadAction\",\"target\":[\"https:\\\/\\\/omegadrivingschool.com\\\/schedule\\\/guy\\\/\"]}]},{\"@type\":\"BreadcrumbList\",\"@id\":\"https:\\\/\\\/omegadrivingschool.com\\\/schedule\\\/guy\\\/#breadcrumb\",\"itemListElement\":[{\"@type\":\"ListItem\",\"position\":1,\"name\":\"Home\",\"item\":\"https:\\\/\\\/omegadrivingschool.com\\\/\"},{\"@type\":\"ListItem\",\"position\":2,\"name\":\"Schedule\",\"item\":\"https:\\\/\\\/omegadrivingschool.com\\\/schedule\\\/\"},{\"@type\":\"ListItem\",\"position\":3,\"name\":\"Guy\"}]},{\"@type\":\"WebSite\",\"@id\":\"https:\\\/\\\/omegadrivingschool.com\\\/#website\",\"url\":\"https:\\\/\\\/omegadrivingschool.com\\\/\",\"name\":\"Omega Driving School Montreal\",\"description\":\":earn How To Drive Driving School Montreal\",\"publisher\":{\"@id\":\"https:\\\/\\\/omegadrivingschool.com\\\/#organization\"},\"potentialAction\":[{\"@type\":\"SearchAction\",\"target\":{\"@type\":\"EntryPoint\",\"urlTemplate\":\"https:\\\/\\\/omegadrivingschool.com\\\/?s={search_term_string}\"},\"query-input\":{\"@type\":\"PropertyValueSpecification\",\"valueRequired\":true,\"valueName\":\"search_term_string\"}}],\"inLanguage\":\"fr-CA\"},{\"@type\":\"Organization\",\"@id\":\"https:\\\/\\\/omegadrivingschool.com\\\/#organization\",\"name\":\"Omega Driving School Montreal\",\"url\":\"https:\\\/\\\/omegadrivingschool.com\\\/\",\"logo\":{\"@type\":\"ImageObject\",\"inLanguage\":\"fr-CA\",\"@id\":\"https:\\\/\\\/omegadrivingschool.com\\\/#\\\/schema\\\/logo\\\/image\\\/\",\"url\":\"https:\\\/\\\/omegadrivingschool.com\\\/wp-content\\\/uploads\\\/2015\\\/07\\\/Omega-Logo-6.png\",\"contentUrl\":\"https:\\\/\\\/omegadrivingschool.com\\\/wp-content\\\/uploads\\\/2015\\\/07\\\/Omega-Logo-6.png\",\"width\":1400,\"height\":354,\"caption\":\"Omega Driving School Montreal\"},\"image\":{\"@id\":\"https:\\\/\\\/omegadrivingschool.com\\\/#\\\/schema\\\/logo\\\/image\\\/\"}}]}<\/script>\n<!-- \/ Yoast SEO plugin. -->","yoast_head_json":{"title":"Guy - Omega Driving School Montreal","robots":{"index":"index","follow":"follow","max-snippet":"max-snippet:-1","max-image-preview":"max-image-preview:large","max-video-preview":"max-video-preview:-1"},"canonical":"https:\/\/omegadrivingschool.com\/fr\/programme\/guy\/","og_locale":"fr_CA","og_type":"article","og_title":"Guy - Omega Driving School Montreal","og_description":"Schedule Guy &#8211; Concordia Jad Anh Nader Mary Seid","og_url":"https:\/\/omegadrivingschool.com\/fr\/programme\/guy\/","og_site_name":"Omega Driving School Montreal","article_modified_time":"2025-11-20T01:19:33+00:00","twitter_card":"summary_large_image","twitter_misc":{"Estimation du temps de lecture":"1 minute"},"schema":{"@context":"https:\/\/schema.org","@graph":[{"@type":"WebPage","@id":"https:\/\/omegadrivingschool.com\/schedule\/guy\/","url":"https:\/\/omegadrivingschool.com\/schedule\/guy\/","name":"Guy - Omega Driving School Montreal","isPartOf":{"@id":"https:\/\/omegadrivingschool.com\/#website"},"datePublished":"2024-04-06T02:26:50+00:00","dateModified":"2025-11-20T01:19:33+00:00","breadcrumb":{"@id":"https:\/\/omegadrivingschool.com\/schedule\/guy\/#breadcrumb"},"inLanguage":"fr-CA","potentialAction":[{"@type":"ReadAction","target":["https:\/\/omegadrivingschool.com\/schedule\/guy\/"]}]},{"@type":"BreadcrumbList","@id":"https:\/\/omegadrivingschool.com\/schedule\/guy\/#breadcrumb","itemListElement":[{"@type":"ListItem","position":1,"name":"Home","item":"https:\/\/omegadrivingschool.com\/"},{"@type":"ListItem","position":2,"name":"Schedule","item":"https:\/\/omegadrivingschool.com\/schedule\/"},{"@type":"ListItem","position":3,"name":"Guy"}]},{"@type":"WebSite","@id":"https:\/\/omegadrivingschool.com\/#website","url":"https:\/\/omegadrivingschool.com\/","name":"\u00c9cole Conduite Omega Montreal","description":"Apprendre \u00e0 conduire \u00c9cole de conduite Montr\u00e9al","publisher":{"@id":"https:\/\/omegadrivingschool.com\/#organization"},"potentialAction":[{"@type":"SearchAction","target":{"@type":"EntryPoint","urlTemplate":"https:\/\/omegadrivingschool.com\/?s={search_term_string}"},"query-input":{"@type":"PropertyValueSpecification","valueRequired":true,"valueName":"search_term_string"}}],"inLanguage":"fr-CA"},{"@type":"Organization","@id":"https:\/\/omegadrivingschool.com\/#organization","name":"\u00c9cole Conduite Omega Montreal","url":"https:\/\/omegadrivingschool.com\/","logo":{"@type":"ImageObject","inLanguage":"fr-CA","@id":"https:\/\/omegadrivingschool.com\/#\/schema\/logo\/image\/","url":"https:\/\/omegadrivingschool.com\/wp-content\/uploads\/2015\/07\/Omega-Logo-6.png","contentUrl":"https:\/\/omegadrivingschool.com\/wp-content\/uploads\/2015\/07\/Omega-Logo-6.png","width":1400,"height":354,"caption":"Omega Driving School Montreal"},"image":{"@id":"https:\/\/omegadrivingschool.com\/#\/schema\/logo\/image\/"}}]}},"_links":{"self":[{"href":"https:\/\/omegadrivingschool.com\/fr\/wp-json\/wp\/v2\/pages\/10669","targetHints":{"allow":["GET"]}}],"collection":[{"href":"https:\/\/omegadrivingschool.com\/fr\/wp-json\/wp\/v2\/pages"}],"about":[{"href":"https:\/\/omegadrivingschool.com\/fr\/wp-json\/wp\/v2\/types\/page"}],"author":[{"embeddable":true,"href":"https:\/\/omegadrivingschool.com\/fr\/wp-json\/wp\/v2\/users\/2"}],"replies":[{"embeddable":true,"href":"https:\/\/omegadrivingschool.com\/fr\/wp-json\/wp\/v2\/comments?post=10669"}],"version-history":[{"count":55,"href":"https:\/\/omegadrivingschool.com\/fr\/wp-json\/wp\/v2\/pages\/10669\/revisions"}],"predecessor-version":[{"id":11679,"href":"https:\/\/omegadrivingschool.com\/fr\/wp-json\/wp\/v2\/pages\/10669\/revisions\/11679"}],"up":[{"embeddable":true,"href":"https:\/\/omegadrivingschool.com\/fr\/wp-json\/wp\/v2\/pages\/8784"}],"wp:attachment":[{"href":"https:\/\/omegadrivingschool.com\/fr\/wp-json\/wp\/v2\/media?parent=10669"}],"curies":[{"name":"wp","href":"https:\/\/api.w.org\/{rel}","templated":true}]}}